{"id":4343,"date":"2022-02-03T09:57:41","date_gmt":"2022-02-03T09:57:41","guid":{"rendered":"https:\/\/leondeoro.com\/product\/red-de-balonmano-futbol-sala\/"},"modified":"2023-05-19T07:21:02","modified_gmt":"2023-05-19T07:21:02","slug":"red-de-balonmano-futbol-sala","status":"publish","type":"product","link":"https:\/\/leondeoro.com\/de\/produkt\/red-de-balonmano-futbol-sala\/","title":{"rendered":"Handball\/Hallenfu\u00dfball-Netzwerk"},"content":{"rendered":"<p>3m L\u00e4nge x 2m H\u00f6he x 0,8m obere Tiefe x 0,8m untere Tiefe<\/p>\n","protected":false},"excerpt":{"rendered":"<p>3m L\u00e4nge x 2m H\u00f6he x 0,8m obere Tiefe x 0,8m untere Tiefe<\/p>\n","protected":false},"featured_media":4351,"comment_status":"closed","ping_status":"closed","template":"","meta":{"_acf_changed":false},"product_brand":[],"product_cat":[461,457,455],"product_tag":[],"class_list":{"0":"post-4343","1":"product","2":"type-product","3":"status-publish","4":"has-post-thumbnail","6":"product_cat-fusball","7":"product_cat-handball-de","8":"product_cat-sportnetze","10":"first","11":"instock","12":"shipping-taxable","13":"purchasable","14":"product-type-variable","15":"has-default-attributes"},"acf":[],"yoast_head":"<!-- This site is optimized with the Yoast SEO plugin v27.3 - https:\/\/yoast.com\/product\/yoast-seo-wordpress\/ -->\n<title>Handball\/Hallenfu\u00dfball-Netzwerk - Le\u00f3n de Oro<\/title>\n<meta name=\"description\" content=\"Fabricamos redes para porter\u00eda de balonmano\/futbol sala de alta calidad en una gran variedad de tama\u00f1os regulares y personalizados.\" \/>\n<meta name=\"robots\" content=\"index, follow, max-snippet:-1, max-image-preview:large, max-video-preview:-1\" \/>\n<link rel=\"canonical\" href=\"https:\/\/leondeoro.com\/produkt\/red-de-balonmano-futbol-sala\/\" \/>\n<meta property=\"og:locale\" content=\"de_DE\" \/>\n<meta property=\"og:type\" content=\"article\" \/>\n<meta property=\"og:title\" content=\"Handball\/Hallenfu\u00dfball-Netzwerk - Le\u00f3n de Oro\" \/>\n<meta property=\"og:description\" content=\"Fabricamos redes para porter\u00eda de balonmano\/futbol sala de alta calidad en una gran variedad de tama\u00f1os regulares y personalizados.\" \/>\n<meta property=\"og:url\" content=\"https:\/\/leondeoro.com\/produkt\/red-de-balonmano-futbol-sala\/\" \/>\n<meta property=\"og:site_name\" content=\"Le\u00f3n de Oro\" \/>\n<meta property=\"article:modified_time\" content=\"2023-05-19T07:21:02+00:00\" \/>\n<meta property=\"og:image\" content=\"https:\/\/leondeoro.com\/wp-content\/uploads\/2022\/02\/handball-goal_4mm_-mesh100-1.jpg\" \/>\n\t<meta property=\"og:image:width\" content=\"700\" \/>\n\t<meta property=\"og:image:height\" content=\"575\" \/>\n\t<meta property=\"og:image:type\" content=\"image\/jpeg\" \/>\n<meta name=\"twitter:card\" content=\"summary_large_image\" \/>\n<meta name=\"twitter:label1\" content=\"Gesch\u00e4tzte Lesezeit\" \/>\n\t<meta name=\"twitter:data1\" content=\"1\u00a0Minute\" \/>\n<script type=\"application\/ld+json\" class=\"yoast-schema-graph\">{\"@context\":\"https:\\\/\\\/schema.org\",\"@graph\":[{\"@type\":\"WebPage\",\"@id\":\"https:\\\/\\\/leondeoro.com\\\/produkt\\\/red-de-balonmano-futbol-sala\\\/\",\"url\":\"https:\\\/\\\/leondeoro.com\\\/produkt\\\/red-de-balonmano-futbol-sala\\\/\",\"name\":\"Handball\\\/Hallenfu\u00dfball-Netzwerk - Le\u00f3n de Oro\",\"isPartOf\":{\"@id\":\"https:\\\/\\\/leondeoro.com\\\/#website\"},\"primaryImageOfPage\":{\"@id\":\"https:\\\/\\\/leondeoro.com\\\/produkt\\\/red-de-balonmano-futbol-sala\\\/#primaryimage\"},\"image\":{\"@id\":\"https:\\\/\\\/leondeoro.com\\\/produkt\\\/red-de-balonmano-futbol-sala\\\/#primaryimage\"},\"thumbnailUrl\":\"https:\\\/\\\/leondeoro.com\\\/wp-content\\\/uploads\\\/2022\\\/02\\\/handball-goal_4mm_-mesh100-1.jpg\",\"datePublished\":\"2022-02-03T09:57:41+00:00\",\"dateModified\":\"2023-05-19T07:21:02+00:00\",\"description\":\"Fabricamos redes para porter\u00eda de balonmano\\\/futbol sala de alta calidad en una gran variedad de tama\u00f1os regulares y personalizados.\",\"breadcrumb\":{\"@id\":\"https:\\\/\\\/leondeoro.com\\\/produkt\\\/red-de-balonmano-futbol-sala\\\/#breadcrumb\"},\"inLanguage\":\"de\",\"potentialAction\":[{\"@type\":\"ReadAction\",\"target\":[\"https:\\\/\\\/leondeoro.com\\\/produkt\\\/red-de-balonmano-futbol-sala\\\/\"]}]},{\"@type\":\"ImageObject\",\"inLanguage\":\"de\",\"@id\":\"https:\\\/\\\/leondeoro.com\\\/produkt\\\/red-de-balonmano-futbol-sala\\\/#primaryimage\",\"url\":\"https:\\\/\\\/leondeoro.com\\\/wp-content\\\/uploads\\\/2022\\\/02\\\/handball-goal_4mm_-mesh100-1.jpg\",\"contentUrl\":\"https:\\\/\\\/leondeoro.com\\\/wp-content\\\/uploads\\\/2022\\\/02\\\/handball-goal_4mm_-mesh100-1.jpg\",\"width\":700,\"height\":575,\"caption\":\"?????????????\"},{\"@type\":\"BreadcrumbList\",\"@id\":\"https:\\\/\\\/leondeoro.com\\\/produkt\\\/red-de-balonmano-futbol-sala\\\/#breadcrumb\",\"itemListElement\":[{\"@type\":\"ListItem\",\"position\":1,\"name\":\"Portada\",\"item\":\"https:\\\/\\\/leondeoro.com\\\/\"},{\"@type\":\"ListItem\",\"position\":2,\"name\":\"Shop\",\"item\":\"https:\\\/\\\/leondeoro.com\\\/shop\\\/\"},{\"@type\":\"ListItem\",\"position\":3,\"name\":\"Handball\\\/Hallenfu\u00dfball-Netzwerk\"}]},{\"@type\":\"WebSite\",\"@id\":\"https:\\\/\\\/leondeoro.com\\\/#website\",\"url\":\"https:\\\/\\\/leondeoro.com\\\/\",\"name\":\"Le\u00f3n de Oro\",\"description\":\"\",\"potentialAction\":[{\"@type\":\"SearchAction\",\"target\":{\"@type\":\"EntryPoint\",\"urlTemplate\":\"https:\\\/\\\/leondeoro.com\\\/?s={search_term_string}\"},\"query-input\":{\"@type\":\"PropertyValueSpecification\",\"valueRequired\":true,\"valueName\":\"search_term_string\"}}],\"inLanguage\":\"de\"}]}<\/script>\n<!-- \/ Yoast SEO plugin. -->","yoast_head_json":{"title":"Handball\/Hallenfu\u00dfball-Netzwerk - Le\u00f3n de Oro","description":"Fabricamos redes para porter\u00eda de balonmano\/futbol sala de alta calidad en una gran variedad de tama\u00f1os regulares y personalizados.","robots":{"index":"index","follow":"follow","max-snippet":"max-snippet:-1","max-image-preview":"max-image-preview:large","max-video-preview":"max-video-preview:-1"},"canonical":"https:\/\/leondeoro.com\/produkt\/red-de-balonmano-futbol-sala\/","og_locale":"de_DE","og_type":"article","og_title":"Handball\/Hallenfu\u00dfball-Netzwerk - Le\u00f3n de Oro","og_description":"Fabricamos redes para porter\u00eda de balonmano\/futbol sala de alta calidad en una gran variedad de tama\u00f1os regulares y personalizados.","og_url":"https:\/\/leondeoro.com\/produkt\/red-de-balonmano-futbol-sala\/","og_site_name":"Le\u00f3n de Oro","article_modified_time":"2023-05-19T07:21:02+00:00","og_image":[{"width":700,"height":575,"url":"https:\/\/leondeoro.com\/wp-content\/uploads\/2022\/02\/handball-goal_4mm_-mesh100-1.jpg","type":"image\/jpeg"}],"twitter_card":"summary_large_image","twitter_misc":{"Gesch\u00e4tzte Lesezeit":"1\u00a0Minute"},"schema":{"@context":"https:\/\/schema.org","@graph":[{"@type":"WebPage","@id":"https:\/\/leondeoro.com\/produkt\/red-de-balonmano-futbol-sala\/","url":"https:\/\/leondeoro.com\/produkt\/red-de-balonmano-futbol-sala\/","name":"Handball\/Hallenfu\u00dfball-Netzwerk - Le\u00f3n de Oro","isPartOf":{"@id":"https:\/\/leondeoro.com\/#website"},"primaryImageOfPage":{"@id":"https:\/\/leondeoro.com\/produkt\/red-de-balonmano-futbol-sala\/#primaryimage"},"image":{"@id":"https:\/\/leondeoro.com\/produkt\/red-de-balonmano-futbol-sala\/#primaryimage"},"thumbnailUrl":"https:\/\/leondeoro.com\/wp-content\/uploads\/2022\/02\/handball-goal_4mm_-mesh100-1.jpg","datePublished":"2022-02-03T09:57:41+00:00","dateModified":"2023-05-19T07:21:02+00:00","description":"Fabricamos redes para porter\u00eda de balonmano\/futbol sala de alta calidad en una gran variedad de tama\u00f1os regulares y personalizados.","breadcrumb":{"@id":"https:\/\/leondeoro.com\/produkt\/red-de-balonmano-futbol-sala\/#breadcrumb"},"inLanguage":"de","potentialAction":[{"@type":"ReadAction","target":["https:\/\/leondeoro.com\/produkt\/red-de-balonmano-futbol-sala\/"]}]},{"@type":"ImageObject","inLanguage":"de","@id":"https:\/\/leondeoro.com\/produkt\/red-de-balonmano-futbol-sala\/#primaryimage","url":"https:\/\/leondeoro.com\/wp-content\/uploads\/2022\/02\/handball-goal_4mm_-mesh100-1.jpg","contentUrl":"https:\/\/leondeoro.com\/wp-content\/uploads\/2022\/02\/handball-goal_4mm_-mesh100-1.jpg","width":700,"height":575,"caption":"?????????????"},{"@type":"BreadcrumbList","@id":"https:\/\/leondeoro.com\/produkt\/red-de-balonmano-futbol-sala\/#breadcrumb","itemListElement":[{"@type":"ListItem","position":1,"name":"Portada","item":"https:\/\/leondeoro.com\/"},{"@type":"ListItem","position":2,"name":"Shop","item":"https:\/\/leondeoro.com\/shop\/"},{"@type":"ListItem","position":3,"name":"Handball\/Hallenfu\u00dfball-Netzwerk"}]},{"@type":"WebSite","@id":"https:\/\/leondeoro.com\/#website","url":"https:\/\/leondeoro.com\/","name":"Le\u00f3n de Oro","description":"","potentialAction":[{"@type":"SearchAction","target":{"@type":"EntryPoint","urlTemplate":"https:\/\/leondeoro.com\/?s={search_term_string}"},"query-input":{"@type":"PropertyValueSpecification","valueRequired":true,"valueName":"search_term_string"}}],"inLanguage":"de"}]}},"_links":{"self":[{"href":"https:\/\/leondeoro.com\/de\/wp-json\/wp\/v2\/product\/4343","targetHints":{"allow":["GET"]}}],"collection":[{"href":"https:\/\/leondeoro.com\/de\/wp-json\/wp\/v2\/product"}],"about":[{"href":"https:\/\/leondeoro.com\/de\/wp-json\/wp\/v2\/types\/product"}],"replies":[{"embeddable":true,"href":"https:\/\/leondeoro.com\/de\/wp-json\/wp\/v2\/comments?post=4343"}],"wp:featuredmedia":[{"embeddable":true,"href":"https:\/\/leondeoro.com\/de\/wp-json\/wp\/v2\/media\/4351"}],"wp:attachment":[{"href":"https:\/\/leondeoro.com\/de\/wp-json\/wp\/v2\/media?parent=4343"}],"wp:term":[{"taxonomy":"product_brand","embeddable":true,"href":"https:\/\/leondeoro.com\/de\/wp-json\/wp\/v2\/product_brand?post=4343"},{"taxonomy":"product_cat","embeddable":true,"href":"https:\/\/leondeoro.com\/de\/wp-json\/wp\/v2\/product_cat?post=4343"},{"taxonomy":"product_tag","embeddable":true,"href":"https:\/\/leondeoro.com\/de\/wp-json\/wp\/v2\/product_tag?post=4343"}],"curies":[{"name":"wp","href":"https:\/\/api.w.org\/{rel}","templated":true}]}}