{"id":4550,"date":"2022-02-03T22:10:21","date_gmt":"2022-02-03T22:10:21","guid":{"rendered":"https:\/\/leondeoro.com\/product\/red-porteria-clasica-hockey-patines\/"},"modified":"2022-05-02T15:00:22","modified_gmt":"2022-05-02T15:00:22","slug":"red-porteria-clasica-hockey-patines","status":"publish","type":"product","link":"https:\/\/leondeoro.com\/de\/produkt\/red-porteria-clasica-hockey-patines\/","title":{"rendered":"Rollhockey-Tornetz"},"content":{"rendered":"<p>1,88 m breit x 1,14 m hoch x 0,75 m obere Basis x 1,10 m untere Basis<\/p>\n","protected":false},"excerpt":{"rendered":"<p>1,88 m breit x 1,14 m hoch x 0,75 m obere Basis x 1,10 m untere Basis<\/p>\n","protected":false},"featured_media":8655,"comment_status":"closed","ping_status":"closed","template":"","meta":{"_acf_changed":false},"product_brand":[],"product_cat":[463,455],"product_tag":[],"class_list":{"0":"post-4550","1":"product","2":"type-product","3":"status-publish","4":"has-post-thumbnail","6":"product_cat-hockey-de","7":"product_cat-sportnetze","9":"first","10":"instock","11":"shipping-taxable","12":"purchasable","13":"product-type-variable","14":"has-default-attributes"},"acf":[],"yoast_head":"<!-- This site is optimized with the Yoast SEO plugin v27.3 - https:\/\/yoast.com\/product\/yoast-seo-wordpress\/ -->\n<title>Rollhockey-Tornetz - Le\u00f3n de Oro<\/title>\n<meta name=\"description\" content=\"Wir stellen wei\u00dfe Netze f\u00fcr klassische halbrunde Rollhockeytore aus Polypropylen her. Sie entsprechen der Norm EN 750.\" \/>\n<meta name=\"robots\" content=\"index, follow, max-snippet:-1, max-image-preview:large, max-video-preview:-1\" \/>\n<link rel=\"canonical\" href=\"https:\/\/leondeoro.com\/produkt\/red-porteria-clasica-hockey-patines\/\" \/>\n<meta property=\"og:locale\" content=\"de_DE\" \/>\n<meta property=\"og:type\" content=\"article\" \/>\n<meta property=\"og:title\" content=\"Rollhockey-Tornetz - Le\u00f3n de Oro\" \/>\n<meta property=\"og:description\" content=\"Wir stellen wei\u00dfe Netze f\u00fcr klassische halbrunde Rollhockeytore aus Polypropylen her. Sie entsprechen der Norm EN 750.\" \/>\n<meta property=\"og:url\" content=\"https:\/\/leondeoro.com\/produkt\/red-porteria-clasica-hockey-patines\/\" \/>\n<meta property=\"og:site_name\" content=\"Le\u00f3n de Oro\" \/>\n<meta property=\"article:modified_time\" content=\"2022-05-02T15:00:22+00:00\" \/>\n<meta property=\"og:image\" content=\"https:\/\/leondeoro.com\/wp-content\/uploads\/2022\/02\/istock-1387274155-1.jpg\" \/>\n\t<meta property=\"og:image:width\" content=\"1164\" \/>\n\t<meta property=\"og:image:height\" content=\"901\" \/>\n\t<meta property=\"og:image:type\" content=\"image\/jpeg\" \/>\n<meta name=\"twitter:card\" content=\"summary_large_image\" \/>\n<meta name=\"twitter:label1\" content=\"Gesch\u00e4tzte Lesezeit\" \/>\n\t<meta name=\"twitter:data1\" content=\"1\u00a0Minute\" \/>\n<script type=\"application\/ld+json\" class=\"yoast-schema-graph\">{\"@context\":\"https:\\\/\\\/schema.org\",\"@graph\":[{\"@type\":\"WebPage\",\"@id\":\"https:\\\/\\\/leondeoro.com\\\/produkt\\\/red-porteria-clasica-hockey-patines\\\/\",\"url\":\"https:\\\/\\\/leondeoro.com\\\/produkt\\\/red-porteria-clasica-hockey-patines\\\/\",\"name\":\"Rollhockey-Tornetz - Le\u00f3n de Oro\",\"isPartOf\":{\"@id\":\"https:\\\/\\\/leondeoro.com\\\/#website\"},\"primaryImageOfPage\":{\"@id\":\"https:\\\/\\\/leondeoro.com\\\/produkt\\\/red-porteria-clasica-hockey-patines\\\/#primaryimage\"},\"image\":{\"@id\":\"https:\\\/\\\/leondeoro.com\\\/produkt\\\/red-porteria-clasica-hockey-patines\\\/#primaryimage\"},\"thumbnailUrl\":\"https:\\\/\\\/leondeoro.com\\\/wp-content\\\/uploads\\\/2022\\\/02\\\/istock-1387274155-1.jpg\",\"datePublished\":\"2022-02-03T22:10:21+00:00\",\"dateModified\":\"2022-05-02T15:00:22+00:00\",\"description\":\"Wir stellen wei\u00dfe Netze f\u00fcr klassische halbrunde Rollhockeytore aus Polypropylen her. Sie entsprechen der Norm EN 750.\",\"breadcrumb\":{\"@id\":\"https:\\\/\\\/leondeoro.com\\\/produkt\\\/red-porteria-clasica-hockey-patines\\\/#breadcrumb\"},\"inLanguage\":\"de\",\"potentialAction\":[{\"@type\":\"ReadAction\",\"target\":[\"https:\\\/\\\/leondeoro.com\\\/produkt\\\/red-porteria-clasica-hockey-patines\\\/\"]}]},{\"@type\":\"ImageObject\",\"inLanguage\":\"de\",\"@id\":\"https:\\\/\\\/leondeoro.com\\\/produkt\\\/red-porteria-clasica-hockey-patines\\\/#primaryimage\",\"url\":\"https:\\\/\\\/leondeoro.com\\\/wp-content\\\/uploads\\\/2022\\\/02\\\/istock-1387274155-1.jpg\",\"contentUrl\":\"https:\\\/\\\/leondeoro.com\\\/wp-content\\\/uploads\\\/2022\\\/02\\\/istock-1387274155-1.jpg\",\"width\":1164,\"height\":901,\"caption\":\"A line hockey goal, empty with no goalie in it\"},{\"@type\":\"BreadcrumbList\",\"@id\":\"https:\\\/\\\/leondeoro.com\\\/produkt\\\/red-porteria-clasica-hockey-patines\\\/#breadcrumb\",\"itemListElement\":[{\"@type\":\"ListItem\",\"position\":1,\"name\":\"Portada\",\"item\":\"https:\\\/\\\/leondeoro.com\\\/\"},{\"@type\":\"ListItem\",\"position\":2,\"name\":\"Shop\",\"item\":\"https:\\\/\\\/leondeoro.com\\\/shop\\\/\"},{\"@type\":\"ListItem\",\"position\":3,\"name\":\"Rollhockey-Tornetz\"}]},{\"@type\":\"WebSite\",\"@id\":\"https:\\\/\\\/leondeoro.com\\\/#website\",\"url\":\"https:\\\/\\\/leondeoro.com\\\/\",\"name\":\"Le\u00f3n de Oro\",\"description\":\"\",\"potentialAction\":[{\"@type\":\"SearchAction\",\"target\":{\"@type\":\"EntryPoint\",\"urlTemplate\":\"https:\\\/\\\/leondeoro.com\\\/?s={search_term_string}\"},\"query-input\":{\"@type\":\"PropertyValueSpecification\",\"valueRequired\":true,\"valueName\":\"search_term_string\"}}],\"inLanguage\":\"de\"}]}<\/script>\n<!-- \/ Yoast SEO plugin. -->","yoast_head_json":{"title":"Rollhockey-Tornetz - Le\u00f3n de Oro","description":"Wir stellen wei\u00dfe Netze f\u00fcr klassische halbrunde Rollhockeytore aus Polypropylen her. Sie entsprechen der Norm EN 750.","robots":{"index":"index","follow":"follow","max-snippet":"max-snippet:-1","max-image-preview":"max-image-preview:large","max-video-preview":"max-video-preview:-1"},"canonical":"https:\/\/leondeoro.com\/produkt\/red-porteria-clasica-hockey-patines\/","og_locale":"de_DE","og_type":"article","og_title":"Rollhockey-Tornetz - Le\u00f3n de Oro","og_description":"Wir stellen wei\u00dfe Netze f\u00fcr klassische halbrunde Rollhockeytore aus Polypropylen her. Sie entsprechen der Norm EN 750.","og_url":"https:\/\/leondeoro.com\/produkt\/red-porteria-clasica-hockey-patines\/","og_site_name":"Le\u00f3n de Oro","article_modified_time":"2022-05-02T15:00:22+00:00","og_image":[{"width":1164,"height":901,"url":"https:\/\/leondeoro.com\/wp-content\/uploads\/2022\/02\/istock-1387274155-1.jpg","type":"image\/jpeg"}],"twitter_card":"summary_large_image","twitter_misc":{"Gesch\u00e4tzte Lesezeit":"1\u00a0Minute"},"schema":{"@context":"https:\/\/schema.org","@graph":[{"@type":"WebPage","@id":"https:\/\/leondeoro.com\/produkt\/red-porteria-clasica-hockey-patines\/","url":"https:\/\/leondeoro.com\/produkt\/red-porteria-clasica-hockey-patines\/","name":"Rollhockey-Tornetz - Le\u00f3n de Oro","isPartOf":{"@id":"https:\/\/leondeoro.com\/#website"},"primaryImageOfPage":{"@id":"https:\/\/leondeoro.com\/produkt\/red-porteria-clasica-hockey-patines\/#primaryimage"},"image":{"@id":"https:\/\/leondeoro.com\/produkt\/red-porteria-clasica-hockey-patines\/#primaryimage"},"thumbnailUrl":"https:\/\/leondeoro.com\/wp-content\/uploads\/2022\/02\/istock-1387274155-1.jpg","datePublished":"2022-02-03T22:10:21+00:00","dateModified":"2022-05-02T15:00:22+00:00","description":"Wir stellen wei\u00dfe Netze f\u00fcr klassische halbrunde Rollhockeytore aus Polypropylen her. Sie entsprechen der Norm EN 750.","breadcrumb":{"@id":"https:\/\/leondeoro.com\/produkt\/red-porteria-clasica-hockey-patines\/#breadcrumb"},"inLanguage":"de","potentialAction":[{"@type":"ReadAction","target":["https:\/\/leondeoro.com\/produkt\/red-porteria-clasica-hockey-patines\/"]}]},{"@type":"ImageObject","inLanguage":"de","@id":"https:\/\/leondeoro.com\/produkt\/red-porteria-clasica-hockey-patines\/#primaryimage","url":"https:\/\/leondeoro.com\/wp-content\/uploads\/2022\/02\/istock-1387274155-1.jpg","contentUrl":"https:\/\/leondeoro.com\/wp-content\/uploads\/2022\/02\/istock-1387274155-1.jpg","width":1164,"height":901,"caption":"A line hockey goal, empty with no goalie in it"},{"@type":"BreadcrumbList","@id":"https:\/\/leondeoro.com\/produkt\/red-porteria-clasica-hockey-patines\/#breadcrumb","itemListElement":[{"@type":"ListItem","position":1,"name":"Portada","item":"https:\/\/leondeoro.com\/"},{"@type":"ListItem","position":2,"name":"Shop","item":"https:\/\/leondeoro.com\/shop\/"},{"@type":"ListItem","position":3,"name":"Rollhockey-Tornetz"}]},{"@type":"WebSite","@id":"https:\/\/leondeoro.com\/#website","url":"https:\/\/leondeoro.com\/","name":"Le\u00f3n de Oro","description":"","potentialAction":[{"@type":"SearchAction","target":{"@type":"EntryPoint","urlTemplate":"https:\/\/leondeoro.com\/?s={search_term_string}"},"query-input":{"@type":"PropertyValueSpecification","valueRequired":true,"valueName":"search_term_string"}}],"inLanguage":"de"}]}},"_links":{"self":[{"href":"https:\/\/leondeoro.com\/de\/wp-json\/wp\/v2\/product\/4550","targetHints":{"allow":["GET"]}}],"collection":[{"href":"https:\/\/leondeoro.com\/de\/wp-json\/wp\/v2\/product"}],"about":[{"href":"https:\/\/leondeoro.com\/de\/wp-json\/wp\/v2\/types\/product"}],"replies":[{"embeddable":true,"href":"https:\/\/leondeoro.com\/de\/wp-json\/wp\/v2\/comments?post=4550"}],"wp:featuredmedia":[{"embeddable":true,"href":"https:\/\/leondeoro.com\/de\/wp-json\/wp\/v2\/media\/8655"}],"wp:attachment":[{"href":"https:\/\/leondeoro.com\/de\/wp-json\/wp\/v2\/media?parent=4550"}],"wp:term":[{"taxonomy":"product_brand","embeddable":true,"href":"https:\/\/leondeoro.com\/de\/wp-json\/wp\/v2\/product_brand?post=4550"},{"taxonomy":"product_cat","embeddable":true,"href":"https:\/\/leondeoro.com\/de\/wp-json\/wp\/v2\/product_cat?post=4550"},{"taxonomy":"product_tag","embeddable":true,"href":"https:\/\/leondeoro.com\/de\/wp-json\/wp\/v2\/product_tag?post=4550"}],"curies":[{"name":"wp","href":"https:\/\/api.w.org\/{rel}","templated":true}]}}