{"id":4810,"date":"2022-02-03T10:57:10","date_gmt":"2022-02-03T10:57:10","guid":{"rendered":"https:\/\/leondeoro.com\/product\/cortina-para-balonmano-futbol-sala\/"},"modified":"2022-05-02T15:41:29","modified_gmt":"2022-05-02T15:41:29","slug":"cortina-para-balonmano-futbol-sala","status":"publish","type":"product","link":"https:\/\/leondeoro.com\/de\/produkt\/cortina-para-balonmano-futbol-sala\/","title":{"rendered":"Handball und Hallenfu\u00dfball-Vorhang"},"content":{"rendered":"<p>3,5m lang x 2,2m hoch<\/p>\n","protected":false},"excerpt":{"rendered":"<p>3,5m lang x 2,2m hoch<\/p>\n","protected":false},"featured_media":4822,"comment_status":"closed","ping_status":"closed","template":"","meta":{"_acf_changed":false},"product_brand":[],"product_cat":[461,457,455],"product_tag":[],"class_list":{"0":"post-4810","1":"product","2":"type-product","3":"status-publish","4":"has-post-thumbnail","6":"product_cat-fusball","7":"product_cat-handball-de","8":"product_cat-sportnetze","10":"first","11":"instock","12":"shipping-taxable","13":"purchasable","14":"product-type-variable","15":"has-default-attributes"},"acf":[],"yoast_head":"<!-- This site is optimized with the Yoast SEO plugin v27.3 - https:\/\/yoast.com\/product\/yoast-seo-wordpress\/ -->\n<title>Handball und Hallenfu\u00dfball-Vorhang - Le\u00f3n de Oro<\/title>\n<meta name=\"description\" content=\"Der Ball-Stop-Vorhang f\u00fcr Handball\/Hallenfu\u00dfball wurde entwickelt, um die Energie des Balls zu absorbieren und ihn im Tor zu halten.\" \/>\n<meta name=\"robots\" content=\"index, follow, max-snippet:-1, max-image-preview:large, max-video-preview:-1\" \/>\n<link rel=\"canonical\" href=\"https:\/\/leondeoro.com\/produkt\/cortina-para-balonmano-futbol-sala\/\" \/>\n<meta property=\"og:locale\" content=\"de_DE\" \/>\n<meta property=\"og:type\" content=\"article\" \/>\n<meta property=\"og:title\" content=\"Handball und Hallenfu\u00dfball-Vorhang - Le\u00f3n de Oro\" \/>\n<meta property=\"og:description\" content=\"Der Ball-Stop-Vorhang f\u00fcr Handball\/Hallenfu\u00dfball wurde entwickelt, um die Energie des Balls zu absorbieren und ihn im Tor zu halten.\" \/>\n<meta property=\"og:url\" content=\"https:\/\/leondeoro.com\/produkt\/cortina-para-balonmano-futbol-sala\/\" \/>\n<meta property=\"og:site_name\" content=\"Le\u00f3n de Oro\" \/>\n<meta property=\"article:modified_time\" content=\"2022-05-02T15:41:29+00:00\" \/>\n<meta property=\"og:image\" content=\"https:\/\/leondeoro.com\/wp-content\/uploads\/2022\/02\/dsc_9847-foto-chica-1-scaled.jpg\" \/>\n\t<meta property=\"og:image:width\" content=\"2560\" \/>\n\t<meta property=\"og:image:height\" content=\"1656\" \/>\n\t<meta property=\"og:image:type\" content=\"image\/jpeg\" \/>\n<meta name=\"twitter:card\" content=\"summary_large_image\" \/>\n<meta name=\"twitter:label1\" content=\"Gesch\u00e4tzte Lesezeit\" \/>\n\t<meta name=\"twitter:data1\" content=\"1\u00a0Minute\" \/>\n<script type=\"application\/ld+json\" class=\"yoast-schema-graph\">{\"@context\":\"https:\\\/\\\/schema.org\",\"@graph\":[{\"@type\":\"WebPage\",\"@id\":\"https:\\\/\\\/leondeoro.com\\\/produkt\\\/cortina-para-balonmano-futbol-sala\\\/\",\"url\":\"https:\\\/\\\/leondeoro.com\\\/produkt\\\/cortina-para-balonmano-futbol-sala\\\/\",\"name\":\"Handball und Hallenfu\u00dfball-Vorhang - Le\u00f3n de Oro\",\"isPartOf\":{\"@id\":\"https:\\\/\\\/leondeoro.com\\\/#website\"},\"primaryImageOfPage\":{\"@id\":\"https:\\\/\\\/leondeoro.com\\\/produkt\\\/cortina-para-balonmano-futbol-sala\\\/#primaryimage\"},\"image\":{\"@id\":\"https:\\\/\\\/leondeoro.com\\\/produkt\\\/cortina-para-balonmano-futbol-sala\\\/#primaryimage\"},\"thumbnailUrl\":\"https:\\\/\\\/leondeoro.com\\\/wp-content\\\/uploads\\\/2022\\\/02\\\/dsc_9847-foto-chica-1-scaled.jpg\",\"datePublished\":\"2022-02-03T10:57:10+00:00\",\"dateModified\":\"2022-05-02T15:41:29+00:00\",\"description\":\"Der Ball-Stop-Vorhang f\u00fcr Handball\\\/Hallenfu\u00dfball wurde entwickelt, um die Energie des Balls zu absorbieren und ihn im Tor zu halten.\",\"breadcrumb\":{\"@id\":\"https:\\\/\\\/leondeoro.com\\\/produkt\\\/cortina-para-balonmano-futbol-sala\\\/#breadcrumb\"},\"inLanguage\":\"de\",\"potentialAction\":[{\"@type\":\"ReadAction\",\"target\":[\"https:\\\/\\\/leondeoro.com\\\/produkt\\\/cortina-para-balonmano-futbol-sala\\\/\"]}]},{\"@type\":\"ImageObject\",\"inLanguage\":\"de\",\"@id\":\"https:\\\/\\\/leondeoro.com\\\/produkt\\\/cortina-para-balonmano-futbol-sala\\\/#primaryimage\",\"url\":\"https:\\\/\\\/leondeoro.com\\\/wp-content\\\/uploads\\\/2022\\\/02\\\/dsc_9847-foto-chica-1-scaled.jpg\",\"contentUrl\":\"https:\\\/\\\/leondeoro.com\\\/wp-content\\\/uploads\\\/2022\\\/02\\\/dsc_9847-foto-chica-1-scaled.jpg\",\"width\":2560,\"height\":1656,\"caption\":\"Cortina balonmano y f\u00fatbol sala\"},{\"@type\":\"BreadcrumbList\",\"@id\":\"https:\\\/\\\/leondeoro.com\\\/produkt\\\/cortina-para-balonmano-futbol-sala\\\/#breadcrumb\",\"itemListElement\":[{\"@type\":\"ListItem\",\"position\":1,\"name\":\"Portada\",\"item\":\"https:\\\/\\\/leondeoro.com\\\/\"},{\"@type\":\"ListItem\",\"position\":2,\"name\":\"Shop\",\"item\":\"https:\\\/\\\/leondeoro.com\\\/shop\\\/\"},{\"@type\":\"ListItem\",\"position\":3,\"name\":\"Handball und Hallenfu\u00dfball-Vorhang\"}]},{\"@type\":\"WebSite\",\"@id\":\"https:\\\/\\\/leondeoro.com\\\/#website\",\"url\":\"https:\\\/\\\/leondeoro.com\\\/\",\"name\":\"Le\u00f3n de Oro\",\"description\":\"\",\"potentialAction\":[{\"@type\":\"SearchAction\",\"target\":{\"@type\":\"EntryPoint\",\"urlTemplate\":\"https:\\\/\\\/leondeoro.com\\\/?s={search_term_string}\"},\"query-input\":{\"@type\":\"PropertyValueSpecification\",\"valueRequired\":true,\"valueName\":\"search_term_string\"}}],\"inLanguage\":\"de\"}]}<\/script>\n<!-- \/ Yoast SEO plugin. -->","yoast_head_json":{"title":"Handball und Hallenfu\u00dfball-Vorhang - Le\u00f3n de Oro","description":"Der Ball-Stop-Vorhang f\u00fcr Handball\/Hallenfu\u00dfball wurde entwickelt, um die Energie des Balls zu absorbieren und ihn im Tor zu halten.","robots":{"index":"index","follow":"follow","max-snippet":"max-snippet:-1","max-image-preview":"max-image-preview:large","max-video-preview":"max-video-preview:-1"},"canonical":"https:\/\/leondeoro.com\/produkt\/cortina-para-balonmano-futbol-sala\/","og_locale":"de_DE","og_type":"article","og_title":"Handball und Hallenfu\u00dfball-Vorhang - Le\u00f3n de Oro","og_description":"Der Ball-Stop-Vorhang f\u00fcr Handball\/Hallenfu\u00dfball wurde entwickelt, um die Energie des Balls zu absorbieren und ihn im Tor zu halten.","og_url":"https:\/\/leondeoro.com\/produkt\/cortina-para-balonmano-futbol-sala\/","og_site_name":"Le\u00f3n de Oro","article_modified_time":"2022-05-02T15:41:29+00:00","og_image":[{"width":2560,"height":1656,"url":"https:\/\/leondeoro.com\/wp-content\/uploads\/2022\/02\/dsc_9847-foto-chica-1-scaled.jpg","type":"image\/jpeg"}],"twitter_card":"summary_large_image","twitter_misc":{"Gesch\u00e4tzte Lesezeit":"1\u00a0Minute"},"schema":{"@context":"https:\/\/schema.org","@graph":[{"@type":"WebPage","@id":"https:\/\/leondeoro.com\/produkt\/cortina-para-balonmano-futbol-sala\/","url":"https:\/\/leondeoro.com\/produkt\/cortina-para-balonmano-futbol-sala\/","name":"Handball und Hallenfu\u00dfball-Vorhang - Le\u00f3n de Oro","isPartOf":{"@id":"https:\/\/leondeoro.com\/#website"},"primaryImageOfPage":{"@id":"https:\/\/leondeoro.com\/produkt\/cortina-para-balonmano-futbol-sala\/#primaryimage"},"image":{"@id":"https:\/\/leondeoro.com\/produkt\/cortina-para-balonmano-futbol-sala\/#primaryimage"},"thumbnailUrl":"https:\/\/leondeoro.com\/wp-content\/uploads\/2022\/02\/dsc_9847-foto-chica-1-scaled.jpg","datePublished":"2022-02-03T10:57:10+00:00","dateModified":"2022-05-02T15:41:29+00:00","description":"Der Ball-Stop-Vorhang f\u00fcr Handball\/Hallenfu\u00dfball wurde entwickelt, um die Energie des Balls zu absorbieren und ihn im Tor zu halten.","breadcrumb":{"@id":"https:\/\/leondeoro.com\/produkt\/cortina-para-balonmano-futbol-sala\/#breadcrumb"},"inLanguage":"de","potentialAction":[{"@type":"ReadAction","target":["https:\/\/leondeoro.com\/produkt\/cortina-para-balonmano-futbol-sala\/"]}]},{"@type":"ImageObject","inLanguage":"de","@id":"https:\/\/leondeoro.com\/produkt\/cortina-para-balonmano-futbol-sala\/#primaryimage","url":"https:\/\/leondeoro.com\/wp-content\/uploads\/2022\/02\/dsc_9847-foto-chica-1-scaled.jpg","contentUrl":"https:\/\/leondeoro.com\/wp-content\/uploads\/2022\/02\/dsc_9847-foto-chica-1-scaled.jpg","width":2560,"height":1656,"caption":"Cortina balonmano y f\u00fatbol sala"},{"@type":"BreadcrumbList","@id":"https:\/\/leondeoro.com\/produkt\/cortina-para-balonmano-futbol-sala\/#breadcrumb","itemListElement":[{"@type":"ListItem","position":1,"name":"Portada","item":"https:\/\/leondeoro.com\/"},{"@type":"ListItem","position":2,"name":"Shop","item":"https:\/\/leondeoro.com\/shop\/"},{"@type":"ListItem","position":3,"name":"Handball und Hallenfu\u00dfball-Vorhang"}]},{"@type":"WebSite","@id":"https:\/\/leondeoro.com\/#website","url":"https:\/\/leondeoro.com\/","name":"Le\u00f3n de Oro","description":"","potentialAction":[{"@type":"SearchAction","target":{"@type":"EntryPoint","urlTemplate":"https:\/\/leondeoro.com\/?s={search_term_string}"},"query-input":{"@type":"PropertyValueSpecification","valueRequired":true,"valueName":"search_term_string"}}],"inLanguage":"de"}]}},"_links":{"self":[{"href":"https:\/\/leondeoro.com\/de\/wp-json\/wp\/v2\/product\/4810","targetHints":{"allow":["GET"]}}],"collection":[{"href":"https:\/\/leondeoro.com\/de\/wp-json\/wp\/v2\/product"}],"about":[{"href":"https:\/\/leondeoro.com\/de\/wp-json\/wp\/v2\/types\/product"}],"replies":[{"embeddable":true,"href":"https:\/\/leondeoro.com\/de\/wp-json\/wp\/v2\/comments?post=4810"}],"wp:featuredmedia":[{"embeddable":true,"href":"https:\/\/leondeoro.com\/de\/wp-json\/wp\/v2\/media\/4822"}],"wp:attachment":[{"href":"https:\/\/leondeoro.com\/de\/wp-json\/wp\/v2\/media?parent=4810"}],"wp:term":[{"taxonomy":"product_brand","embeddable":true,"href":"https:\/\/leondeoro.com\/de\/wp-json\/wp\/v2\/product_brand?post=4810"},{"taxonomy":"product_cat","embeddable":true,"href":"https:\/\/leondeoro.com\/de\/wp-json\/wp\/v2\/product_cat?post=4810"},{"taxonomy":"product_tag","embeddable":true,"href":"https:\/\/leondeoro.com\/de\/wp-json\/wp\/v2\/product_tag?post=4810"}],"curies":[{"name":"wp","href":"https:\/\/api.w.org\/{rel}","templated":true}]}}