{"id":4831,"date":"2022-02-03T09:49:43","date_gmt":"2022-02-03T09:49:43","guid":{"rendered":"https:\/\/leondeoro.com\/product\/lineas-limitrofes-de-futbol-playa\/"},"modified":"2022-05-05T07:41:05","modified_gmt":"2022-05-05T07:41:05","slug":"lineas-limitrofes-de-futbol-playa","status":"publish","type":"product","link":"https:\/\/leondeoro.com\/de\/produkt\/lineas-limitrofes-de-futbol-playa\/","title":{"rendered":"Beach-Fu\u00dfball-Grenzlinien"},"content":{"rendered":"<p>37m x 12m<\/p>\n","protected":false},"excerpt":{"rendered":"<p>37m x 12m<\/p>\n","protected":false},"featured_media":4806,"comment_status":"closed","ping_status":"closed","template":"","meta":{"_acf_changed":false},"product_brand":[],"product_cat":[461,455],"product_tag":[],"class_list":{"0":"post-4831","1":"product","2":"type-product","3":"status-publish","4":"has-post-thumbnail","6":"product_cat-fusball","7":"product_cat-sportnetze","9":"first","10":"instock","11":"shipping-taxable","12":"purchasable","13":"product-type-variable"},"acf":[],"yoast_head":"<!-- This site is optimized with the Yoast SEO plugin v27.3 - https:\/\/yoast.com\/product\/yoast-seo-wordpress\/ -->\n<title>Beach-Fu\u00dfball-Grenzlinien - Le\u00f3n de Oro<\/title>\n<meta name=\"description\" content=\"Feldmarkierungsb\u00e4nder f\u00fcr Beach Soccer. Erh\u00e4ltlich in blau, wei\u00df und gelb mit hochwertigem, ultra-resistentem PVC.\" \/>\n<meta name=\"robots\" content=\"index, follow, max-snippet:-1, max-image-preview:large, max-video-preview:-1\" \/>\n<link rel=\"canonical\" href=\"https:\/\/leondeoro.com\/produkt\/lineas-limitrofes-de-futbol-playa\/\" \/>\n<meta property=\"og:locale\" content=\"de_DE\" \/>\n<meta property=\"og:type\" content=\"article\" \/>\n<meta property=\"og:title\" content=\"Beach-Fu\u00dfball-Grenzlinien - Le\u00f3n de Oro\" \/>\n<meta property=\"og:description\" content=\"Feldmarkierungsb\u00e4nder f\u00fcr Beach Soccer. Erh\u00e4ltlich in blau, wei\u00df und gelb mit hochwertigem, ultra-resistentem PVC.\" \/>\n<meta property=\"og:url\" content=\"https:\/\/leondeoro.com\/produkt\/lineas-limitrofes-de-futbol-playa\/\" \/>\n<meta property=\"og:site_name\" content=\"Le\u00f3n de Oro\" \/>\n<meta property=\"article:modified_time\" content=\"2022-05-05T07:41:05+00:00\" \/>\n<meta property=\"og:image\" content=\"https:\/\/leondeoro.com\/wp-content\/uploads\/2022\/02\/97098.png\" \/>\n\t<meta property=\"og:image:width\" content=\"500\" \/>\n\t<meta property=\"og:image:height\" content=\"500\" \/>\n\t<meta property=\"og:image:type\" content=\"image\/png\" \/>\n<meta name=\"twitter:card\" content=\"summary_large_image\" \/>\n<meta name=\"twitter:label1\" content=\"Gesch\u00e4tzte Lesezeit\" \/>\n\t<meta name=\"twitter:data1\" content=\"1\u00a0Minute\" \/>\n<script type=\"application\/ld+json\" class=\"yoast-schema-graph\">{\"@context\":\"https:\\\/\\\/schema.org\",\"@graph\":[{\"@type\":\"WebPage\",\"@id\":\"https:\\\/\\\/leondeoro.com\\\/produkt\\\/lineas-limitrofes-de-futbol-playa\\\/\",\"url\":\"https:\\\/\\\/leondeoro.com\\\/produkt\\\/lineas-limitrofes-de-futbol-playa\\\/\",\"name\":\"Beach-Fu\u00dfball-Grenzlinien - Le\u00f3n de Oro\",\"isPartOf\":{\"@id\":\"https:\\\/\\\/leondeoro.com\\\/#website\"},\"primaryImageOfPage\":{\"@id\":\"https:\\\/\\\/leondeoro.com\\\/produkt\\\/lineas-limitrofes-de-futbol-playa\\\/#primaryimage\"},\"image\":{\"@id\":\"https:\\\/\\\/leondeoro.com\\\/produkt\\\/lineas-limitrofes-de-futbol-playa\\\/#primaryimage\"},\"thumbnailUrl\":\"https:\\\/\\\/leondeoro.com\\\/wp-content\\\/uploads\\\/2022\\\/02\\\/97098.png\",\"datePublished\":\"2022-02-03T09:49:43+00:00\",\"dateModified\":\"2022-05-05T07:41:05+00:00\",\"description\":\"Feldmarkierungsb\u00e4nder f\u00fcr Beach Soccer. Erh\u00e4ltlich in blau, wei\u00df und gelb mit hochwertigem, ultra-resistentem PVC.\",\"breadcrumb\":{\"@id\":\"https:\\\/\\\/leondeoro.com\\\/produkt\\\/lineas-limitrofes-de-futbol-playa\\\/#breadcrumb\"},\"inLanguage\":\"de\",\"potentialAction\":[{\"@type\":\"ReadAction\",\"target\":[\"https:\\\/\\\/leondeoro.com\\\/produkt\\\/lineas-limitrofes-de-futbol-playa\\\/\"]}]},{\"@type\":\"ImageObject\",\"inLanguage\":\"de\",\"@id\":\"https:\\\/\\\/leondeoro.com\\\/produkt\\\/lineas-limitrofes-de-futbol-playa\\\/#primaryimage\",\"url\":\"https:\\\/\\\/leondeoro.com\\\/wp-content\\\/uploads\\\/2022\\\/02\\\/97098.png\",\"contentUrl\":\"https:\\\/\\\/leondeoro.com\\\/wp-content\\\/uploads\\\/2022\\\/02\\\/97098.png\",\"width\":500,\"height\":500,\"caption\":\"Cintas delimitadoras volea playa\"},{\"@type\":\"BreadcrumbList\",\"@id\":\"https:\\\/\\\/leondeoro.com\\\/produkt\\\/lineas-limitrofes-de-futbol-playa\\\/#breadcrumb\",\"itemListElement\":[{\"@type\":\"ListItem\",\"position\":1,\"name\":\"Portada\",\"item\":\"https:\\\/\\\/leondeoro.com\\\/\"},{\"@type\":\"ListItem\",\"position\":2,\"name\":\"Shop\",\"item\":\"https:\\\/\\\/leondeoro.com\\\/shop\\\/\"},{\"@type\":\"ListItem\",\"position\":3,\"name\":\"Beach-Fu\u00dfball-Grenzlinien\"}]},{\"@type\":\"WebSite\",\"@id\":\"https:\\\/\\\/leondeoro.com\\\/#website\",\"url\":\"https:\\\/\\\/leondeoro.com\\\/\",\"name\":\"Le\u00f3n de Oro\",\"description\":\"\",\"potentialAction\":[{\"@type\":\"SearchAction\",\"target\":{\"@type\":\"EntryPoint\",\"urlTemplate\":\"https:\\\/\\\/leondeoro.com\\\/?s={search_term_string}\"},\"query-input\":{\"@type\":\"PropertyValueSpecification\",\"valueRequired\":true,\"valueName\":\"search_term_string\"}}],\"inLanguage\":\"de\"}]}<\/script>\n<!-- \/ Yoast SEO plugin. -->","yoast_head_json":{"title":"Beach-Fu\u00dfball-Grenzlinien - Le\u00f3n de Oro","description":"Feldmarkierungsb\u00e4nder f\u00fcr Beach Soccer. Erh\u00e4ltlich in blau, wei\u00df und gelb mit hochwertigem, ultra-resistentem PVC.","robots":{"index":"index","follow":"follow","max-snippet":"max-snippet:-1","max-image-preview":"max-image-preview:large","max-video-preview":"max-video-preview:-1"},"canonical":"https:\/\/leondeoro.com\/produkt\/lineas-limitrofes-de-futbol-playa\/","og_locale":"de_DE","og_type":"article","og_title":"Beach-Fu\u00dfball-Grenzlinien - Le\u00f3n de Oro","og_description":"Feldmarkierungsb\u00e4nder f\u00fcr Beach Soccer. Erh\u00e4ltlich in blau, wei\u00df und gelb mit hochwertigem, ultra-resistentem PVC.","og_url":"https:\/\/leondeoro.com\/produkt\/lineas-limitrofes-de-futbol-playa\/","og_site_name":"Le\u00f3n de Oro","article_modified_time":"2022-05-05T07:41:05+00:00","og_image":[{"width":500,"height":500,"url":"https:\/\/leondeoro.com\/wp-content\/uploads\/2022\/02\/97098.png","type":"image\/png"}],"twitter_card":"summary_large_image","twitter_misc":{"Gesch\u00e4tzte Lesezeit":"1\u00a0Minute"},"schema":{"@context":"https:\/\/schema.org","@graph":[{"@type":"WebPage","@id":"https:\/\/leondeoro.com\/produkt\/lineas-limitrofes-de-futbol-playa\/","url":"https:\/\/leondeoro.com\/produkt\/lineas-limitrofes-de-futbol-playa\/","name":"Beach-Fu\u00dfball-Grenzlinien - Le\u00f3n de Oro","isPartOf":{"@id":"https:\/\/leondeoro.com\/#website"},"primaryImageOfPage":{"@id":"https:\/\/leondeoro.com\/produkt\/lineas-limitrofes-de-futbol-playa\/#primaryimage"},"image":{"@id":"https:\/\/leondeoro.com\/produkt\/lineas-limitrofes-de-futbol-playa\/#primaryimage"},"thumbnailUrl":"https:\/\/leondeoro.com\/wp-content\/uploads\/2022\/02\/97098.png","datePublished":"2022-02-03T09:49:43+00:00","dateModified":"2022-05-05T07:41:05+00:00","description":"Feldmarkierungsb\u00e4nder f\u00fcr Beach Soccer. Erh\u00e4ltlich in blau, wei\u00df und gelb mit hochwertigem, ultra-resistentem PVC.","breadcrumb":{"@id":"https:\/\/leondeoro.com\/produkt\/lineas-limitrofes-de-futbol-playa\/#breadcrumb"},"inLanguage":"de","potentialAction":[{"@type":"ReadAction","target":["https:\/\/leondeoro.com\/produkt\/lineas-limitrofes-de-futbol-playa\/"]}]},{"@type":"ImageObject","inLanguage":"de","@id":"https:\/\/leondeoro.com\/produkt\/lineas-limitrofes-de-futbol-playa\/#primaryimage","url":"https:\/\/leondeoro.com\/wp-content\/uploads\/2022\/02\/97098.png","contentUrl":"https:\/\/leondeoro.com\/wp-content\/uploads\/2022\/02\/97098.png","width":500,"height":500,"caption":"Cintas delimitadoras volea playa"},{"@type":"BreadcrumbList","@id":"https:\/\/leondeoro.com\/produkt\/lineas-limitrofes-de-futbol-playa\/#breadcrumb","itemListElement":[{"@type":"ListItem","position":1,"name":"Portada","item":"https:\/\/leondeoro.com\/"},{"@type":"ListItem","position":2,"name":"Shop","item":"https:\/\/leondeoro.com\/shop\/"},{"@type":"ListItem","position":3,"name":"Beach-Fu\u00dfball-Grenzlinien"}]},{"@type":"WebSite","@id":"https:\/\/leondeoro.com\/#website","url":"https:\/\/leondeoro.com\/","name":"Le\u00f3n de Oro","description":"","potentialAction":[{"@type":"SearchAction","target":{"@type":"EntryPoint","urlTemplate":"https:\/\/leondeoro.com\/?s={search_term_string}"},"query-input":{"@type":"PropertyValueSpecification","valueRequired":true,"valueName":"search_term_string"}}],"inLanguage":"de"}]}},"_links":{"self":[{"href":"https:\/\/leondeoro.com\/de\/wp-json\/wp\/v2\/product\/4831","targetHints":{"allow":["GET"]}}],"collection":[{"href":"https:\/\/leondeoro.com\/de\/wp-json\/wp\/v2\/product"}],"about":[{"href":"https:\/\/leondeoro.com\/de\/wp-json\/wp\/v2\/types\/product"}],"replies":[{"embeddable":true,"href":"https:\/\/leondeoro.com\/de\/wp-json\/wp\/v2\/comments?post=4831"}],"wp:featuredmedia":[{"embeddable":true,"href":"https:\/\/leondeoro.com\/de\/wp-json\/wp\/v2\/media\/4806"}],"wp:attachment":[{"href":"https:\/\/leondeoro.com\/de\/wp-json\/wp\/v2\/media?parent=4831"}],"wp:term":[{"taxonomy":"product_brand","embeddable":true,"href":"https:\/\/leondeoro.com\/de\/wp-json\/wp\/v2\/product_brand?post=4831"},{"taxonomy":"product_cat","embeddable":true,"href":"https:\/\/leondeoro.com\/de\/wp-json\/wp\/v2\/product_cat?post=4831"},{"taxonomy":"product_tag","embeddable":true,"href":"https:\/\/leondeoro.com\/de\/wp-json\/wp\/v2\/product_tag?post=4831"}],"curies":[{"name":"wp","href":"https:\/\/api.w.org\/{rel}","templated":true}]}}