{"id":4838,"date":"2022-02-03T22:31:44","date_gmt":"2022-02-03T22:31:44","guid":{"rendered":"https:\/\/leondeoro.com\/product\/portabalones\/"},"modified":"2022-04-21T13:11:05","modified_gmt":"2022-04-21T13:11:05","slug":"portabalones","status":"publish","type":"product","link":"https:\/\/leondeoro.com\/de\/produkt\/portabalones\/","title":{"rendered":"Ballnetz"},"content":{"rendered":"<p>Erh\u00e4ltlich f\u00fcr 1, 2, 3, 6, 8, 8, 10, 15 und 20 B\u00e4lle.<\/p>\n","protected":false},"excerpt":{"rendered":"<p>Erh\u00e4ltlich f\u00fcr 1, 2, 3, 6, 8, 8, 10, 15 und 20 B\u00e4lle.<\/p>\n","protected":false},"featured_media":8026,"comment_status":"closed","ping_status":"closed","template":"","meta":{"_acf_changed":false},"product_brand":[],"product_cat":[458,456,461,457,459,455,468,480],"product_tag":[],"class_list":{"0":"post-4838","1":"product","2":"type-product","3":"status-publish","4":"has-post-thumbnail","6":"product_cat-badminton-de","7":"product_cat-basketball","8":"product_cat-fusball","9":"product_cat-handball-de","10":"product_cat-seile-und-zubehor-sportnetze","11":"product_cat-sportnetze","12":"product_cat-volleyball","13":"product_cat-wasserball","15":"first","16":"instock","17":"shipping-taxable","18":"purchasable","19":"product-type-variable","20":"has-default-attributes"},"acf":[],"yoast_head":"<!-- This site is optimized with the Yoast SEO plugin v27.5 - https:\/\/yoast.com\/product\/yoast-seo-wordpress\/ -->\n<title>Ballnetz - Le\u00f3n de Oro<\/title>\n<meta name=\"description\" content=\"Portabalones para guardar 1, 2, 3, 6, 8, 10, 15 y 20 balones.\" \/>\n<meta name=\"robots\" content=\"index, follow, max-snippet:-1, max-image-preview:large, max-video-preview:-1\" \/>\n<link rel=\"canonical\" href=\"https:\/\/leondeoro.com\/produkt\/portabalones\/\" \/>\n<meta property=\"og:locale\" content=\"de_DE\" \/>\n<meta property=\"og:type\" content=\"article\" \/>\n<meta property=\"og:title\" content=\"Ballnetz - Le\u00f3n de Oro\" \/>\n<meta property=\"og:description\" content=\"Portabalones para guardar 1, 2, 3, 6, 8, 10, 15 y 20 balones.\" \/>\n<meta property=\"og:url\" content=\"https:\/\/leondeoro.com\/produkt\/portabalones\/\" \/>\n<meta property=\"og:site_name\" content=\"Le\u00f3n de Oro\" \/>\n<meta property=\"article:modified_time\" content=\"2022-04-21T13:11:05+00:00\" \/>\n<meta property=\"og:image\" content=\"https:\/\/leondeoro.com\/wp-content\/uploads\/2022\/02\/portabalones.jpg\" \/>\n\t<meta property=\"og:image:width\" content=\"1254\" \/>\n\t<meta property=\"og:image:height\" content=\"836\" \/>\n\t<meta property=\"og:image:type\" content=\"image\/jpeg\" \/>\n<meta name=\"twitter:card\" content=\"summary_large_image\" \/>\n<meta name=\"twitter:label1\" content=\"Gesch\u00e4tzte Lesezeit\" \/>\n\t<meta name=\"twitter:data1\" content=\"1\u00a0Minute\" \/>\n<script type=\"application\/ld+json\" class=\"yoast-schema-graph\">{\"@context\":\"https:\\\/\\\/schema.org\",\"@graph\":[{\"@type\":\"WebPage\",\"@id\":\"https:\\\/\\\/leondeoro.com\\\/produkt\\\/portabalones\\\/\",\"url\":\"https:\\\/\\\/leondeoro.com\\\/produkt\\\/portabalones\\\/\",\"name\":\"Ballnetz - Le\u00f3n de Oro\",\"isPartOf\":{\"@id\":\"https:\\\/\\\/leondeoro.com\\\/#website\"},\"primaryImageOfPage\":{\"@id\":\"https:\\\/\\\/leondeoro.com\\\/produkt\\\/portabalones\\\/#primaryimage\"},\"image\":{\"@id\":\"https:\\\/\\\/leondeoro.com\\\/produkt\\\/portabalones\\\/#primaryimage\"},\"thumbnailUrl\":\"https:\\\/\\\/leondeoro.com\\\/wp-content\\\/uploads\\\/2022\\\/02\\\/portabalones.jpg\",\"datePublished\":\"2022-02-03T22:31:44+00:00\",\"dateModified\":\"2022-04-21T13:11:05+00:00\",\"description\":\"Portabalones para guardar 1, 2, 3, 6, 8, 10, 15 y 20 balones.\",\"breadcrumb\":{\"@id\":\"https:\\\/\\\/leondeoro.com\\\/produkt\\\/portabalones\\\/#breadcrumb\"},\"inLanguage\":\"de\",\"potentialAction\":[{\"@type\":\"ReadAction\",\"target\":[\"https:\\\/\\\/leondeoro.com\\\/produkt\\\/portabalones\\\/\"]}]},{\"@type\":\"ImageObject\",\"inLanguage\":\"de\",\"@id\":\"https:\\\/\\\/leondeoro.com\\\/produkt\\\/portabalones\\\/#primaryimage\",\"url\":\"https:\\\/\\\/leondeoro.com\\\/wp-content\\\/uploads\\\/2022\\\/02\\\/portabalones.jpg\",\"contentUrl\":\"https:\\\/\\\/leondeoro.com\\\/wp-content\\\/uploads\\\/2022\\\/02\\\/portabalones.jpg\",\"width\":1254,\"height\":836,\"caption\":\"Portabalones\"},{\"@type\":\"BreadcrumbList\",\"@id\":\"https:\\\/\\\/leondeoro.com\\\/produkt\\\/portabalones\\\/#breadcrumb\",\"itemListElement\":[{\"@type\":\"ListItem\",\"position\":1,\"name\":\"Portada\",\"item\":\"https:\\\/\\\/leondeoro.com\\\/\"},{\"@type\":\"ListItem\",\"position\":2,\"name\":\"Shop\",\"item\":\"https:\\\/\\\/leondeoro.com\\\/shop\\\/\"},{\"@type\":\"ListItem\",\"position\":3,\"name\":\"Ballnetz\"}]},{\"@type\":\"WebSite\",\"@id\":\"https:\\\/\\\/leondeoro.com\\\/#website\",\"url\":\"https:\\\/\\\/leondeoro.com\\\/\",\"name\":\"Le\u00f3n de Oro\",\"description\":\"\",\"potentialAction\":[{\"@type\":\"SearchAction\",\"target\":{\"@type\":\"EntryPoint\",\"urlTemplate\":\"https:\\\/\\\/leondeoro.com\\\/?s={search_term_string}\"},\"query-input\":{\"@type\":\"PropertyValueSpecification\",\"valueRequired\":true,\"valueName\":\"search_term_string\"}}],\"inLanguage\":\"de\"}]}<\/script>\n<!-- \/ Yoast SEO plugin. -->","yoast_head_json":{"title":"Ballnetz - Le\u00f3n de Oro","description":"Portabalones para guardar 1, 2, 3, 6, 8, 10, 15 y 20 balones.","robots":{"index":"index","follow":"follow","max-snippet":"max-snippet:-1","max-image-preview":"max-image-preview:large","max-video-preview":"max-video-preview:-1"},"canonical":"https:\/\/leondeoro.com\/produkt\/portabalones\/","og_locale":"de_DE","og_type":"article","og_title":"Ballnetz - Le\u00f3n de Oro","og_description":"Portabalones para guardar 1, 2, 3, 6, 8, 10, 15 y 20 balones.","og_url":"https:\/\/leondeoro.com\/produkt\/portabalones\/","og_site_name":"Le\u00f3n de Oro","article_modified_time":"2022-04-21T13:11:05+00:00","og_image":[{"width":1254,"height":836,"url":"https:\/\/leondeoro.com\/wp-content\/uploads\/2022\/02\/portabalones.jpg","type":"image\/jpeg"}],"twitter_card":"summary_large_image","twitter_misc":{"Gesch\u00e4tzte Lesezeit":"1\u00a0Minute"},"schema":{"@context":"https:\/\/schema.org","@graph":[{"@type":"WebPage","@id":"https:\/\/leondeoro.com\/produkt\/portabalones\/","url":"https:\/\/leondeoro.com\/produkt\/portabalones\/","name":"Ballnetz - Le\u00f3n de Oro","isPartOf":{"@id":"https:\/\/leondeoro.com\/#website"},"primaryImageOfPage":{"@id":"https:\/\/leondeoro.com\/produkt\/portabalones\/#primaryimage"},"image":{"@id":"https:\/\/leondeoro.com\/produkt\/portabalones\/#primaryimage"},"thumbnailUrl":"https:\/\/leondeoro.com\/wp-content\/uploads\/2022\/02\/portabalones.jpg","datePublished":"2022-02-03T22:31:44+00:00","dateModified":"2022-04-21T13:11:05+00:00","description":"Portabalones para guardar 1, 2, 3, 6, 8, 10, 15 y 20 balones.","breadcrumb":{"@id":"https:\/\/leondeoro.com\/produkt\/portabalones\/#breadcrumb"},"inLanguage":"de","potentialAction":[{"@type":"ReadAction","target":["https:\/\/leondeoro.com\/produkt\/portabalones\/"]}]},{"@type":"ImageObject","inLanguage":"de","@id":"https:\/\/leondeoro.com\/produkt\/portabalones\/#primaryimage","url":"https:\/\/leondeoro.com\/wp-content\/uploads\/2022\/02\/portabalones.jpg","contentUrl":"https:\/\/leondeoro.com\/wp-content\/uploads\/2022\/02\/portabalones.jpg","width":1254,"height":836,"caption":"Portabalones"},{"@type":"BreadcrumbList","@id":"https:\/\/leondeoro.com\/produkt\/portabalones\/#breadcrumb","itemListElement":[{"@type":"ListItem","position":1,"name":"Portada","item":"https:\/\/leondeoro.com\/"},{"@type":"ListItem","position":2,"name":"Shop","item":"https:\/\/leondeoro.com\/shop\/"},{"@type":"ListItem","position":3,"name":"Ballnetz"}]},{"@type":"WebSite","@id":"https:\/\/leondeoro.com\/#website","url":"https:\/\/leondeoro.com\/","name":"Le\u00f3n de Oro","description":"","potentialAction":[{"@type":"SearchAction","target":{"@type":"EntryPoint","urlTemplate":"https:\/\/leondeoro.com\/?s={search_term_string}"},"query-input":{"@type":"PropertyValueSpecification","valueRequired":true,"valueName":"search_term_string"}}],"inLanguage":"de"}]}},"_links":{"self":[{"href":"https:\/\/leondeoro.com\/de\/wp-json\/wp\/v2\/product\/4838","targetHints":{"allow":["GET"]}}],"collection":[{"href":"https:\/\/leondeoro.com\/de\/wp-json\/wp\/v2\/product"}],"about":[{"href":"https:\/\/leondeoro.com\/de\/wp-json\/wp\/v2\/types\/product"}],"replies":[{"embeddable":true,"href":"https:\/\/leondeoro.com\/de\/wp-json\/wp\/v2\/comments?post=4838"}],"wp:featuredmedia":[{"embeddable":true,"href":"https:\/\/leondeoro.com\/de\/wp-json\/wp\/v2\/media\/8026"}],"wp:attachment":[{"href":"https:\/\/leondeoro.com\/de\/wp-json\/wp\/v2\/media?parent=4838"}],"wp:term":[{"taxonomy":"product_brand","embeddable":true,"href":"https:\/\/leondeoro.com\/de\/wp-json\/wp\/v2\/product_brand?post=4838"},{"taxonomy":"product_cat","embeddable":true,"href":"https:\/\/leondeoro.com\/de\/wp-json\/wp\/v2\/product_cat?post=4838"},{"taxonomy":"product_tag","embeddable":true,"href":"https:\/\/leondeoro.com\/de\/wp-json\/wp\/v2\/product_tag?post=4838"}],"curies":[{"name":"wp","href":"https:\/\/api.w.org\/{rel}","templated":true}]}}