{"id":5125,"date":"2022-02-17T14:14:47","date_gmt":"2022-02-17T14:14:47","guid":{"rendered":"https:\/\/leondeoro.com\/product\/malla-de-ocultacion\/"},"modified":"2022-05-16T06:55:25","modified_gmt":"2022-05-16T06:55:25","slug":"malla-de-ocultacion","status":"publish","type":"product","link":"https:\/\/leondeoro.com\/de\/produkt\/malla-de-ocultacion\/","title":{"rendered":"Abdecknetz"},"content":{"rendered":"<p style=\"text-align: justify;\">Es wird verwendet, um das Innere von Baustellen zu verdecken oder zu sch\u00fctzen, um Parkpl\u00e4tze, Terrassen und Ernten im Freien vor der Sonne zu sch\u00fctzen und auch, zusammen mit dem Sicherheitsnetz, um herabfallende Tr\u00fcmmer zu sch\u00fctzen.<\/p>\n","protected":false},"excerpt":{"rendered":"<p>Es wird verwendet, um das Innere von Baustellen zu verdecken oder zu sch\u00fctzen, um Parkpl\u00e4tze, Terrassen und Ernten im Freien vor der Sonne zu sch\u00fctzen und auch, zusammen mit dem Sicherheitsnetz, um herabfallende Tr\u00fcmmer zu sch\u00fctzen.<\/p>\n","protected":false},"featured_media":7978,"comment_status":"closed","ping_status":"closed","template":"","meta":{"_acf_changed":false},"product_brand":[],"product_cat":[470,481],"product_tag":[],"class_list":{"0":"post-5125","1":"product","2":"type-product","3":"status-publish","4":"has-post-thumbnail","6":"product_cat-schutznetze-fur-baustellen","7":"product_cat-sicherheitsnetze-de","9":"first","10":"instock","11":"shipping-taxable","12":"purchasable","13":"product-type-variable"},"acf":[],"yoast_head":"<!-- This site is optimized with the Yoast SEO plugin v27.3 - https:\/\/yoast.com\/product\/yoast-seo-wordpress\/ -->\n<title>Abdecknetz - Le\u00f3n de Oro<\/title>\n<meta name=\"robots\" content=\"index, follow, max-snippet:-1, max-image-preview:large, max-video-preview:-1\" \/>\n<link rel=\"canonical\" href=\"https:\/\/leondeoro.com\/produkt\/malla-de-ocultacion\/\" \/>\n<meta property=\"og:locale\" content=\"de_DE\" \/>\n<meta property=\"og:type\" content=\"article\" \/>\n<meta property=\"og:title\" content=\"Abdecknetz - Le\u00f3n de Oro\" \/>\n<meta property=\"og:description\" content=\"Es wird verwendet, um das Innere von Baustellen zu verdecken oder zu sch\u00fctzen, um Parkpl\u00e4tze, Terrassen und Ernten im Freien vor der Sonne zu sch\u00fctzen und auch, zusammen mit dem Sicherheitsnetz, um herabfallende Tr\u00fcmmer zu sch\u00fctzen.\" \/>\n<meta property=\"og:url\" content=\"https:\/\/leondeoro.com\/produkt\/malla-de-ocultacion\/\" \/>\n<meta property=\"og:site_name\" content=\"Le\u00f3n de Oro\" \/>\n<meta property=\"article:modified_time\" content=\"2022-05-16T06:55:25+00:00\" \/>\n<meta property=\"og:image\" content=\"https:\/\/leondeoro.com\/wp-content\/uploads\/2022\/02\/malla-de-ocultacion.jpg\" \/>\n\t<meta property=\"og:image:width\" content=\"700\" \/>\n\t<meta property=\"og:image:height\" content=\"467\" \/>\n\t<meta property=\"og:image:type\" content=\"image\/jpeg\" \/>\n<meta name=\"twitter:card\" content=\"summary_large_image\" \/>\n<meta name=\"twitter:label1\" content=\"Gesch\u00e4tzte Lesezeit\" \/>\n\t<meta name=\"twitter:data1\" content=\"1\u00a0Minute\" \/>\n<script type=\"application\/ld+json\" class=\"yoast-schema-graph\">{\"@context\":\"https:\\\/\\\/schema.org\",\"@graph\":[{\"@type\":\"WebPage\",\"@id\":\"https:\\\/\\\/leondeoro.com\\\/produkt\\\/malla-de-ocultacion\\\/\",\"url\":\"https:\\\/\\\/leondeoro.com\\\/produkt\\\/malla-de-ocultacion\\\/\",\"name\":\"Abdecknetz - Le\u00f3n de Oro\",\"isPartOf\":{\"@id\":\"https:\\\/\\\/leondeoro.com\\\/#website\"},\"primaryImageOfPage\":{\"@id\":\"https:\\\/\\\/leondeoro.com\\\/produkt\\\/malla-de-ocultacion\\\/#primaryimage\"},\"image\":{\"@id\":\"https:\\\/\\\/leondeoro.com\\\/produkt\\\/malla-de-ocultacion\\\/#primaryimage\"},\"thumbnailUrl\":\"https:\\\/\\\/leondeoro.com\\\/wp-content\\\/uploads\\\/2022\\\/02\\\/malla-de-ocultacion.jpg\",\"datePublished\":\"2022-02-17T14:14:47+00:00\",\"dateModified\":\"2022-05-16T06:55:25+00:00\",\"breadcrumb\":{\"@id\":\"https:\\\/\\\/leondeoro.com\\\/produkt\\\/malla-de-ocultacion\\\/#breadcrumb\"},\"inLanguage\":\"de\",\"potentialAction\":[{\"@type\":\"ReadAction\",\"target\":[\"https:\\\/\\\/leondeoro.com\\\/produkt\\\/malla-de-ocultacion\\\/\"]}]},{\"@type\":\"ImageObject\",\"inLanguage\":\"de\",\"@id\":\"https:\\\/\\\/leondeoro.com\\\/produkt\\\/malla-de-ocultacion\\\/#primaryimage\",\"url\":\"https:\\\/\\\/leondeoro.com\\\/wp-content\\\/uploads\\\/2022\\\/02\\\/malla-de-ocultacion.jpg\",\"contentUrl\":\"https:\\\/\\\/leondeoro.com\\\/wp-content\\\/uploads\\\/2022\\\/02\\\/malla-de-ocultacion.jpg\",\"width\":700,\"height\":467,\"caption\":\"Malla de ocultaci\u00f3n\"},{\"@type\":\"BreadcrumbList\",\"@id\":\"https:\\\/\\\/leondeoro.com\\\/produkt\\\/malla-de-ocultacion\\\/#breadcrumb\",\"itemListElement\":[{\"@type\":\"ListItem\",\"position\":1,\"name\":\"Portada\",\"item\":\"https:\\\/\\\/leondeoro.com\\\/\"},{\"@type\":\"ListItem\",\"position\":2,\"name\":\"Shop\",\"item\":\"https:\\\/\\\/leondeoro.com\\\/shop\\\/\"},{\"@type\":\"ListItem\",\"position\":3,\"name\":\"Abdecknetz\"}]},{\"@type\":\"WebSite\",\"@id\":\"https:\\\/\\\/leondeoro.com\\\/#website\",\"url\":\"https:\\\/\\\/leondeoro.com\\\/\",\"name\":\"Le\u00f3n de Oro\",\"description\":\"\",\"potentialAction\":[{\"@type\":\"SearchAction\",\"target\":{\"@type\":\"EntryPoint\",\"urlTemplate\":\"https:\\\/\\\/leondeoro.com\\\/?s={search_term_string}\"},\"query-input\":{\"@type\":\"PropertyValueSpecification\",\"valueRequired\":true,\"valueName\":\"search_term_string\"}}],\"inLanguage\":\"de\"}]}<\/script>\n<!-- \/ Yoast SEO plugin. -->","yoast_head_json":{"title":"Abdecknetz - Le\u00f3n de Oro","robots":{"index":"index","follow":"follow","max-snippet":"max-snippet:-1","max-image-preview":"max-image-preview:large","max-video-preview":"max-video-preview:-1"},"canonical":"https:\/\/leondeoro.com\/produkt\/malla-de-ocultacion\/","og_locale":"de_DE","og_type":"article","og_title":"Abdecknetz - Le\u00f3n de Oro","og_description":"Es wird verwendet, um das Innere von Baustellen zu verdecken oder zu sch\u00fctzen, um Parkpl\u00e4tze, Terrassen und Ernten im Freien vor der Sonne zu sch\u00fctzen und auch, zusammen mit dem Sicherheitsnetz, um herabfallende Tr\u00fcmmer zu sch\u00fctzen.","og_url":"https:\/\/leondeoro.com\/produkt\/malla-de-ocultacion\/","og_site_name":"Le\u00f3n de Oro","article_modified_time":"2022-05-16T06:55:25+00:00","og_image":[{"width":700,"height":467,"url":"https:\/\/leondeoro.com\/wp-content\/uploads\/2022\/02\/malla-de-ocultacion.jpg","type":"image\/jpeg"}],"twitter_card":"summary_large_image","twitter_misc":{"Gesch\u00e4tzte Lesezeit":"1\u00a0Minute"},"schema":{"@context":"https:\/\/schema.org","@graph":[{"@type":"WebPage","@id":"https:\/\/leondeoro.com\/produkt\/malla-de-ocultacion\/","url":"https:\/\/leondeoro.com\/produkt\/malla-de-ocultacion\/","name":"Abdecknetz - Le\u00f3n de Oro","isPartOf":{"@id":"https:\/\/leondeoro.com\/#website"},"primaryImageOfPage":{"@id":"https:\/\/leondeoro.com\/produkt\/malla-de-ocultacion\/#primaryimage"},"image":{"@id":"https:\/\/leondeoro.com\/produkt\/malla-de-ocultacion\/#primaryimage"},"thumbnailUrl":"https:\/\/leondeoro.com\/wp-content\/uploads\/2022\/02\/malla-de-ocultacion.jpg","datePublished":"2022-02-17T14:14:47+00:00","dateModified":"2022-05-16T06:55:25+00:00","breadcrumb":{"@id":"https:\/\/leondeoro.com\/produkt\/malla-de-ocultacion\/#breadcrumb"},"inLanguage":"de","potentialAction":[{"@type":"ReadAction","target":["https:\/\/leondeoro.com\/produkt\/malla-de-ocultacion\/"]}]},{"@type":"ImageObject","inLanguage":"de","@id":"https:\/\/leondeoro.com\/produkt\/malla-de-ocultacion\/#primaryimage","url":"https:\/\/leondeoro.com\/wp-content\/uploads\/2022\/02\/malla-de-ocultacion.jpg","contentUrl":"https:\/\/leondeoro.com\/wp-content\/uploads\/2022\/02\/malla-de-ocultacion.jpg","width":700,"height":467,"caption":"Malla de ocultaci\u00f3n"},{"@type":"BreadcrumbList","@id":"https:\/\/leondeoro.com\/produkt\/malla-de-ocultacion\/#breadcrumb","itemListElement":[{"@type":"ListItem","position":1,"name":"Portada","item":"https:\/\/leondeoro.com\/"},{"@type":"ListItem","position":2,"name":"Shop","item":"https:\/\/leondeoro.com\/shop\/"},{"@type":"ListItem","position":3,"name":"Abdecknetz"}]},{"@type":"WebSite","@id":"https:\/\/leondeoro.com\/#website","url":"https:\/\/leondeoro.com\/","name":"Le\u00f3n de Oro","description":"","potentialAction":[{"@type":"SearchAction","target":{"@type":"EntryPoint","urlTemplate":"https:\/\/leondeoro.com\/?s={search_term_string}"},"query-input":{"@type":"PropertyValueSpecification","valueRequired":true,"valueName":"search_term_string"}}],"inLanguage":"de"}]}},"_links":{"self":[{"href":"https:\/\/leondeoro.com\/de\/wp-json\/wp\/v2\/product\/5125","targetHints":{"allow":["GET"]}}],"collection":[{"href":"https:\/\/leondeoro.com\/de\/wp-json\/wp\/v2\/product"}],"about":[{"href":"https:\/\/leondeoro.com\/de\/wp-json\/wp\/v2\/types\/product"}],"replies":[{"embeddable":true,"href":"https:\/\/leondeoro.com\/de\/wp-json\/wp\/v2\/comments?post=5125"}],"wp:featuredmedia":[{"embeddable":true,"href":"https:\/\/leondeoro.com\/de\/wp-json\/wp\/v2\/media\/7978"}],"wp:attachment":[{"href":"https:\/\/leondeoro.com\/de\/wp-json\/wp\/v2\/media?parent=5125"}],"wp:term":[{"taxonomy":"product_brand","embeddable":true,"href":"https:\/\/leondeoro.com\/de\/wp-json\/wp\/v2\/product_brand?post=5125"},{"taxonomy":"product_cat","embeddable":true,"href":"https:\/\/leondeoro.com\/de\/wp-json\/wp\/v2\/product_cat?post=5125"},{"taxonomy":"product_tag","embeddable":true,"href":"https:\/\/leondeoro.com\/de\/wp-json\/wp\/v2\/product_tag?post=5125"}],"curies":[{"name":"wp","href":"https:\/\/api.w.org\/{rel}","templated":true}]}}