{"id":5132,"date":"2022-02-17T14:30:56","date_gmt":"2022-02-17T14:30:56","guid":{"rendered":"https:\/\/leondeoro.com\/product\/malla-proteccion-2mm-m20\/"},"modified":"2022-05-16T06:55:33","modified_gmt":"2022-05-16T06:55:33","slug":"malla-proteccion-2mm-m20","status":"publish","type":"product","link":"https:\/\/leondeoro.com\/de\/produkt\/malla-proteccion-2mm-m20\/","title":{"rendered":"Netze f\u00fcr den Schutz der Fassade"},"content":{"rendered":"<p style=\"text-align: justify;\">Sie k\u00f6nnen sowohl beim Bau eines neuen Geb\u00e4udes\u00a0 eingesetzt werden, oder auch um Fu\u00dfg\u00e4nger vor fallende Tr\u00fcmmer von historischen oder besch\u00e4digten Fassaden zu sch\u00fctzen.<\/p>\n","protected":false},"excerpt":{"rendered":"<p>Sie k\u00f6nnen sowohl beim Bau eines neuen Geb\u00e4udes\u00a0 eingesetzt werden, oder auch um Fu\u00dfg\u00e4nger vor fallende Tr\u00fcmmer von historischen oder besch\u00e4digten Fassaden zu sch\u00fctzen.<\/p>\n","protected":false},"featured_media":5133,"comment_status":"closed","ping_status":"closed","template":"","meta":{"_acf_changed":false},"product_brand":[],"product_cat":[471,481],"product_tag":[],"class_list":{"0":"post-5132","1":"product","2":"type-product","3":"status-publish","4":"has-post-thumbnail","6":"product_cat-netze-die-mit-sicherheitsnetzen-kombiniert-werden-konnen","7":"product_cat-sicherheitsnetze-de","9":"first","10":"instock","11":"shipping-taxable","12":"purchasable","13":"product-type-variable"},"acf":[],"yoast_head":"<!-- This site is optimized with the Yoast SEO plugin v27.3 - https:\/\/yoast.com\/product\/yoast-seo-wordpress\/ -->\n<title>Netze f\u00fcr den Schutz der Fassade - Le\u00f3n de Oro<\/title>\n<meta name=\"robots\" content=\"index, follow, max-snippet:-1, max-image-preview:large, max-video-preview:-1\" \/>\n<link rel=\"canonical\" href=\"https:\/\/leondeoro.com\/produkt\/malla-proteccion-2mm-m20\/\" \/>\n<meta property=\"og:locale\" content=\"de_DE\" \/>\n<meta property=\"og:type\" content=\"article\" \/>\n<meta property=\"og:title\" content=\"Netze f\u00fcr den Schutz der Fassade - Le\u00f3n de Oro\" \/>\n<meta property=\"og:description\" content=\"Sie k\u00f6nnen sowohl beim Bau eines neuen Geb\u00e4udes\u00a0 eingesetzt werden, oder auch um Fu\u00dfg\u00e4nger vor fallende Tr\u00fcmmer von historischen oder besch\u00e4digten Fassaden zu sch\u00fctzen.\" \/>\n<meta property=\"og:url\" content=\"https:\/\/leondeoro.com\/produkt\/malla-proteccion-2mm-m20\/\" \/>\n<meta property=\"og:site_name\" content=\"Le\u00f3n de Oro\" \/>\n<meta property=\"article:modified_time\" content=\"2022-05-16T06:55:33+00:00\" \/>\n<meta property=\"og:image\" content=\"https:\/\/leondeoro.com\/wp-content\/uploads\/2022\/02\/23-proteccion.jpg\" \/>\n\t<meta property=\"og:image:width\" content=\"800\" \/>\n\t<meta property=\"og:image:height\" content=\"600\" \/>\n\t<meta property=\"og:image:type\" content=\"image\/jpeg\" \/>\n<meta name=\"twitter:card\" content=\"summary_large_image\" \/>\n<meta name=\"twitter:label1\" content=\"Gesch\u00e4tzte Lesezeit\" \/>\n\t<meta name=\"twitter:data1\" content=\"1\u00a0Minute\" \/>\n<script type=\"application\/ld+json\" class=\"yoast-schema-graph\">{\"@context\":\"https:\\\/\\\/schema.org\",\"@graph\":[{\"@type\":\"WebPage\",\"@id\":\"https:\\\/\\\/leondeoro.com\\\/produkt\\\/malla-proteccion-2mm-m20\\\/\",\"url\":\"https:\\\/\\\/leondeoro.com\\\/produkt\\\/malla-proteccion-2mm-m20\\\/\",\"name\":\"Netze f\u00fcr den Schutz der Fassade - Le\u00f3n de Oro\",\"isPartOf\":{\"@id\":\"https:\\\/\\\/leondeoro.com\\\/#website\"},\"primaryImageOfPage\":{\"@id\":\"https:\\\/\\\/leondeoro.com\\\/produkt\\\/malla-proteccion-2mm-m20\\\/#primaryimage\"},\"image\":{\"@id\":\"https:\\\/\\\/leondeoro.com\\\/produkt\\\/malla-proteccion-2mm-m20\\\/#primaryimage\"},\"thumbnailUrl\":\"https:\\\/\\\/leondeoro.com\\\/wp-content\\\/uploads\\\/2022\\\/02\\\/23-proteccion.jpg\",\"datePublished\":\"2022-02-17T14:30:56+00:00\",\"dateModified\":\"2022-05-16T06:55:33+00:00\",\"breadcrumb\":{\"@id\":\"https:\\\/\\\/leondeoro.com\\\/produkt\\\/malla-proteccion-2mm-m20\\\/#breadcrumb\"},\"inLanguage\":\"de\",\"potentialAction\":[{\"@type\":\"ReadAction\",\"target\":[\"https:\\\/\\\/leondeoro.com\\\/produkt\\\/malla-proteccion-2mm-m20\\\/\"]}]},{\"@type\":\"ImageObject\",\"inLanguage\":\"de\",\"@id\":\"https:\\\/\\\/leondeoro.com\\\/produkt\\\/malla-proteccion-2mm-m20\\\/#primaryimage\",\"url\":\"https:\\\/\\\/leondeoro.com\\\/wp-content\\\/uploads\\\/2022\\\/02\\\/23-proteccion.jpg\",\"contentUrl\":\"https:\\\/\\\/leondeoro.com\\\/wp-content\\\/uploads\\\/2022\\\/02\\\/23-proteccion.jpg\",\"width\":800,\"height\":600,\"caption\":\"Malla para protecci\u00f3n de fachadas\"},{\"@type\":\"BreadcrumbList\",\"@id\":\"https:\\\/\\\/leondeoro.com\\\/produkt\\\/malla-proteccion-2mm-m20\\\/#breadcrumb\",\"itemListElement\":[{\"@type\":\"ListItem\",\"position\":1,\"name\":\"Portada\",\"item\":\"https:\\\/\\\/leondeoro.com\\\/\"},{\"@type\":\"ListItem\",\"position\":2,\"name\":\"Shop\",\"item\":\"https:\\\/\\\/leondeoro.com\\\/shop\\\/\"},{\"@type\":\"ListItem\",\"position\":3,\"name\":\"Netze f\u00fcr den Schutz der Fassade\"}]},{\"@type\":\"WebSite\",\"@id\":\"https:\\\/\\\/leondeoro.com\\\/#website\",\"url\":\"https:\\\/\\\/leondeoro.com\\\/\",\"name\":\"Le\u00f3n de Oro\",\"description\":\"\",\"potentialAction\":[{\"@type\":\"SearchAction\",\"target\":{\"@type\":\"EntryPoint\",\"urlTemplate\":\"https:\\\/\\\/leondeoro.com\\\/?s={search_term_string}\"},\"query-input\":{\"@type\":\"PropertyValueSpecification\",\"valueRequired\":true,\"valueName\":\"search_term_string\"}}],\"inLanguage\":\"de\"}]}<\/script>\n<!-- \/ Yoast SEO plugin. -->","yoast_head_json":{"title":"Netze f\u00fcr den Schutz der Fassade - Le\u00f3n de Oro","robots":{"index":"index","follow":"follow","max-snippet":"max-snippet:-1","max-image-preview":"max-image-preview:large","max-video-preview":"max-video-preview:-1"},"canonical":"https:\/\/leondeoro.com\/produkt\/malla-proteccion-2mm-m20\/","og_locale":"de_DE","og_type":"article","og_title":"Netze f\u00fcr den Schutz der Fassade - Le\u00f3n de Oro","og_description":"Sie k\u00f6nnen sowohl beim Bau eines neuen Geb\u00e4udes\u00a0 eingesetzt werden, oder auch um Fu\u00dfg\u00e4nger vor fallende Tr\u00fcmmer von historischen oder besch\u00e4digten Fassaden zu sch\u00fctzen.","og_url":"https:\/\/leondeoro.com\/produkt\/malla-proteccion-2mm-m20\/","og_site_name":"Le\u00f3n de Oro","article_modified_time":"2022-05-16T06:55:33+00:00","og_image":[{"width":800,"height":600,"url":"https:\/\/leondeoro.com\/wp-content\/uploads\/2022\/02\/23-proteccion.jpg","type":"image\/jpeg"}],"twitter_card":"summary_large_image","twitter_misc":{"Gesch\u00e4tzte Lesezeit":"1\u00a0Minute"},"schema":{"@context":"https:\/\/schema.org","@graph":[{"@type":"WebPage","@id":"https:\/\/leondeoro.com\/produkt\/malla-proteccion-2mm-m20\/","url":"https:\/\/leondeoro.com\/produkt\/malla-proteccion-2mm-m20\/","name":"Netze f\u00fcr den Schutz der Fassade - Le\u00f3n de Oro","isPartOf":{"@id":"https:\/\/leondeoro.com\/#website"},"primaryImageOfPage":{"@id":"https:\/\/leondeoro.com\/produkt\/malla-proteccion-2mm-m20\/#primaryimage"},"image":{"@id":"https:\/\/leondeoro.com\/produkt\/malla-proteccion-2mm-m20\/#primaryimage"},"thumbnailUrl":"https:\/\/leondeoro.com\/wp-content\/uploads\/2022\/02\/23-proteccion.jpg","datePublished":"2022-02-17T14:30:56+00:00","dateModified":"2022-05-16T06:55:33+00:00","breadcrumb":{"@id":"https:\/\/leondeoro.com\/produkt\/malla-proteccion-2mm-m20\/#breadcrumb"},"inLanguage":"de","potentialAction":[{"@type":"ReadAction","target":["https:\/\/leondeoro.com\/produkt\/malla-proteccion-2mm-m20\/"]}]},{"@type":"ImageObject","inLanguage":"de","@id":"https:\/\/leondeoro.com\/produkt\/malla-proteccion-2mm-m20\/#primaryimage","url":"https:\/\/leondeoro.com\/wp-content\/uploads\/2022\/02\/23-proteccion.jpg","contentUrl":"https:\/\/leondeoro.com\/wp-content\/uploads\/2022\/02\/23-proteccion.jpg","width":800,"height":600,"caption":"Malla para protecci\u00f3n de fachadas"},{"@type":"BreadcrumbList","@id":"https:\/\/leondeoro.com\/produkt\/malla-proteccion-2mm-m20\/#breadcrumb","itemListElement":[{"@type":"ListItem","position":1,"name":"Portada","item":"https:\/\/leondeoro.com\/"},{"@type":"ListItem","position":2,"name":"Shop","item":"https:\/\/leondeoro.com\/shop\/"},{"@type":"ListItem","position":3,"name":"Netze f\u00fcr den Schutz der Fassade"}]},{"@type":"WebSite","@id":"https:\/\/leondeoro.com\/#website","url":"https:\/\/leondeoro.com\/","name":"Le\u00f3n de Oro","description":"","potentialAction":[{"@type":"SearchAction","target":{"@type":"EntryPoint","urlTemplate":"https:\/\/leondeoro.com\/?s={search_term_string}"},"query-input":{"@type":"PropertyValueSpecification","valueRequired":true,"valueName":"search_term_string"}}],"inLanguage":"de"}]}},"_links":{"self":[{"href":"https:\/\/leondeoro.com\/de\/wp-json\/wp\/v2\/product\/5132","targetHints":{"allow":["GET"]}}],"collection":[{"href":"https:\/\/leondeoro.com\/de\/wp-json\/wp\/v2\/product"}],"about":[{"href":"https:\/\/leondeoro.com\/de\/wp-json\/wp\/v2\/types\/product"}],"replies":[{"embeddable":true,"href":"https:\/\/leondeoro.com\/de\/wp-json\/wp\/v2\/comments?post=5132"}],"wp:featuredmedia":[{"embeddable":true,"href":"https:\/\/leondeoro.com\/de\/wp-json\/wp\/v2\/media\/5133"}],"wp:attachment":[{"href":"https:\/\/leondeoro.com\/de\/wp-json\/wp\/v2\/media?parent=5132"}],"wp:term":[{"taxonomy":"product_brand","embeddable":true,"href":"https:\/\/leondeoro.com\/de\/wp-json\/wp\/v2\/product_brand?post=5132"},{"taxonomy":"product_cat","embeddable":true,"href":"https:\/\/leondeoro.com\/de\/wp-json\/wp\/v2\/product_cat?post=5132"},{"taxonomy":"product_tag","embeddable":true,"href":"https:\/\/leondeoro.com\/de\/wp-json\/wp\/v2\/product_tag?post=5132"}],"curies":[{"name":"wp","href":"https:\/\/api.w.org\/{rel}","templated":true}]}}