{"id":670,"date":"2021-09-21T12:01:13","date_gmt":"2021-09-21T12:01:13","guid":{"rendered":"https:\/\/leondeoro.com\/redes-espanolas-en-las-porterias-del-mundial-de-futbol-rusia-2018\/"},"modified":"2021-09-21T12:01:13","modified_gmt":"2021-09-21T12:01:13","slug":"redes-espanolas-en-las-porterias-del-mundial-de-futbol-rusia-2018","status":"publish","type":"page","link":"https:\/\/leondeoro.com\/en\/redes-espanolas-en-las-porterias-del-mundial-de-futbol-rusia-2018\/","title":{"rendered":"Redes espa\u00f1olas en las porter\u00edas del Mundial de F\u00fatbol Rusia 2018"},"content":{"rendered":"","protected":false},"excerpt":{"rendered":"","protected":false},"author":5,"featured_media":0,"parent":0,"menu_order":0,"comment_status":"closed","ping_status":"closed","template":"templates\/seo.php","meta":{"_acf_changed":false,"footnotes":""},"class_list":["post-670","page","type-page","status-publish","hentry"],"acf":[],"yoast_head":"<!-- This site is optimized with the Yoast SEO plugin v27.2 - https:\/\/yoast.com\/product\/yoast-seo-wordpress\/ -->\n<title>Redes espa\u00f1olas en las porter\u00edas del Mundial de F\u00fatbol Rusia 2018 - Le\u00f3n de Oro<\/title>\n<meta name=\"robots\" content=\"index, follow, max-snippet:-1, max-image-preview:large, max-video-preview:-1\" \/>\n<link rel=\"canonical\" href=\"https:\/\/leondeoro.com\/redes-espanolas-en-las-porterias-del-mundial-de-futbol-rusia-2018\/\" \/>\n<meta property=\"og:locale\" content=\"en_US\" \/>\n<meta property=\"og:type\" content=\"article\" \/>\n<meta property=\"og:title\" content=\"Redes espa\u00f1olas en las porter\u00edas del Mundial de F\u00fatbol Rusia 2018 - Le\u00f3n de Oro\" \/>\n<meta property=\"og:url\" content=\"https:\/\/leondeoro.com\/redes-espanolas-en-las-porterias-del-mundial-de-futbol-rusia-2018\/\" \/>\n<meta property=\"og:site_name\" content=\"Le\u00f3n de Oro\" \/>\n<meta name=\"twitter:card\" content=\"summary_large_image\" \/>\n<script type=\"application\/ld+json\" class=\"yoast-schema-graph\">{\"@context\":\"https:\/\/schema.org\",\"@graph\":[{\"@type\":\"WebPage\",\"@id\":\"https:\/\/leondeoro.com\/redes-espanolas-en-las-porterias-del-mundial-de-futbol-rusia-2018\/\",\"url\":\"https:\/\/leondeoro.com\/redes-espanolas-en-las-porterias-del-mundial-de-futbol-rusia-2018\/\",\"name\":\"Redes espa\u00f1olas en las porter\u00edas del Mundial de F\u00fatbol Rusia 2018 - Le\u00f3n de Oro\",\"isPartOf\":{\"@id\":\"https:\/\/leondeoro.com\/#website\"},\"datePublished\":\"2021-09-21T12:01:13+00:00\",\"breadcrumb\":{\"@id\":\"https:\/\/leondeoro.com\/redes-espanolas-en-las-porterias-del-mundial-de-futbol-rusia-2018\/#breadcrumb\"},\"inLanguage\":\"en-US\",\"potentialAction\":[{\"@type\":\"ReadAction\",\"target\":[\"https:\/\/leondeoro.com\/redes-espanolas-en-las-porterias-del-mundial-de-futbol-rusia-2018\/\"]}]},{\"@type\":\"BreadcrumbList\",\"@id\":\"https:\/\/leondeoro.com\/redes-espanolas-en-las-porterias-del-mundial-de-futbol-rusia-2018\/#breadcrumb\",\"itemListElement\":[{\"@type\":\"ListItem\",\"position\":1,\"name\":\"Portada\",\"item\":\"https:\/\/leondeoro.com\/en\/\"},{\"@type\":\"ListItem\",\"position\":2,\"name\":\"Redes espa\u00f1olas en las porter\u00edas del Mundial de F\u00fatbol Rusia 2018\"}]},{\"@type\":\"WebSite\",\"@id\":\"https:\/\/leondeoro.com\/#website\",\"url\":\"https:\/\/leondeoro.com\/\",\"name\":\"Le\u00f3n de Oro\",\"description\":\"\",\"potentialAction\":[{\"@type\":\"SearchAction\",\"target\":{\"@type\":\"EntryPoint\",\"urlTemplate\":\"https:\/\/leondeoro.com\/?s={search_term_string}\"},\"query-input\":{\"@type\":\"PropertyValueSpecification\",\"valueRequired\":true,\"valueName\":\"search_term_string\"}}],\"inLanguage\":\"en-US\"}]}<\/script>\n<!-- \/ Yoast SEO plugin. -->","yoast_head_json":{"title":"Redes espa\u00f1olas en las porter\u00edas del Mundial de F\u00fatbol Rusia 2018 - Le\u00f3n de Oro","robots":{"index":"index","follow":"follow","max-snippet":"max-snippet:-1","max-image-preview":"max-image-preview:large","max-video-preview":"max-video-preview:-1"},"canonical":"https:\/\/leondeoro.com\/redes-espanolas-en-las-porterias-del-mundial-de-futbol-rusia-2018\/","og_locale":"en_US","og_type":"article","og_title":"Redes espa\u00f1olas en las porter\u00edas del Mundial de F\u00fatbol Rusia 2018 - Le\u00f3n de Oro","og_url":"https:\/\/leondeoro.com\/redes-espanolas-en-las-porterias-del-mundial-de-futbol-rusia-2018\/","og_site_name":"Le\u00f3n de Oro","twitter_card":"summary_large_image","schema":{"@context":"https:\/\/schema.org","@graph":[{"@type":"WebPage","@id":"https:\/\/leondeoro.com\/redes-espanolas-en-las-porterias-del-mundial-de-futbol-rusia-2018\/","url":"https:\/\/leondeoro.com\/redes-espanolas-en-las-porterias-del-mundial-de-futbol-rusia-2018\/","name":"Redes espa\u00f1olas en las porter\u00edas del Mundial de F\u00fatbol Rusia 2018 - Le\u00f3n de Oro","isPartOf":{"@id":"https:\/\/leondeoro.com\/#website"},"datePublished":"2021-09-21T12:01:13+00:00","breadcrumb":{"@id":"https:\/\/leondeoro.com\/redes-espanolas-en-las-porterias-del-mundial-de-futbol-rusia-2018\/#breadcrumb"},"inLanguage":"en-US","potentialAction":[{"@type":"ReadAction","target":["https:\/\/leondeoro.com\/redes-espanolas-en-las-porterias-del-mundial-de-futbol-rusia-2018\/"]}]},{"@type":"BreadcrumbList","@id":"https:\/\/leondeoro.com\/redes-espanolas-en-las-porterias-del-mundial-de-futbol-rusia-2018\/#breadcrumb","itemListElement":[{"@type":"ListItem","position":1,"name":"Portada","item":"https:\/\/leondeoro.com\/en\/"},{"@type":"ListItem","position":2,"name":"Redes espa\u00f1olas en las porter\u00edas del Mundial de F\u00fatbol Rusia 2018"}]},{"@type":"WebSite","@id":"https:\/\/leondeoro.com\/#website","url":"https:\/\/leondeoro.com\/","name":"Le\u00f3n de Oro","description":"","potentialAction":[{"@type":"SearchAction","target":{"@type":"EntryPoint","urlTemplate":"https:\/\/leondeoro.com\/?s={search_term_string}"},"query-input":{"@type":"PropertyValueSpecification","valueRequired":true,"valueName":"search_term_string"}}],"inLanguage":"en-US"}]}},"_links":{"self":[{"href":"https:\/\/leondeoro.com\/en\/wp-json\/wp\/v2\/pages\/670","targetHints":{"allow":["GET"]}}],"collection":[{"href":"https:\/\/leondeoro.com\/en\/wp-json\/wp\/v2\/pages"}],"about":[{"href":"https:\/\/leondeoro.com\/en\/wp-json\/wp\/v2\/types\/page"}],"author":[{"embeddable":true,"href":"https:\/\/leondeoro.com\/en\/wp-json\/wp\/v2\/users\/5"}],"replies":[{"embeddable":true,"href":"https:\/\/leondeoro.com\/en\/wp-json\/wp\/v2\/comments?post=670"}],"version-history":[{"count":0,"href":"https:\/\/leondeoro.com\/en\/wp-json\/wp\/v2\/pages\/670\/revisions"}],"wp:attachment":[{"href":"https:\/\/leondeoro.com\/en\/wp-json\/wp\/v2\/media?parent=670"}],"curies":[{"name":"wp","href":"https:\/\/api.w.org\/{rel}","templated":true}]}}