{"id":3512,"date":"2022-02-03T22:20:53","date_gmt":"2022-02-03T22:20:53","guid":{"rendered":"https:\/\/leondeoro.com\/product\/lacrosse\/"},"modified":"2022-05-02T15:21:51","modified_gmt":"2022-05-02T15:21:51","slug":"lacrosse-net","status":"publish","type":"product","link":"https:\/\/leondeoro.com\/en\/product\/lacrosse-net\/","title":{"rendered":"Lacrosse indoor goal net"},"content":{"rendered":"<p>1,23 m (4ft) length x 1,23 m (4ft) height x 1,23 m (4ft) depth<\/p>\n","protected":false},"excerpt":{"rendered":"<p>1,23 m (4ft) length x 1,23 m (4ft) height x 1,23 m (4ft) depth<\/p>\n","protected":false},"featured_media":8001,"comment_status":"closed","ping_status":"closed","template":"","meta":{"_acf_changed":false},"product_brand":[],"product_cat":[276,46],"product_tag":[],"class_list":{"0":"post-3512","1":"product","2":"type-product","3":"status-publish","4":"has-post-thumbnail","6":"product_cat-lacrosse","7":"product_cat-sports-nets","9":"first","10":"instock","11":"shipping-taxable","12":"purchasable","13":"product-type-variable","14":"has-default-attributes"},"acf":[],"yoast_head":"<!-- This site is optimized with the Yoast SEO plugin v27.3 - https:\/\/yoast.com\/product\/yoast-seo-wordpress\/ -->\n<title>Lacrosse indoor goal net - Le\u00f3n de Oro<\/title>\n<meta name=\"description\" content=\"Las redes de Lacrosse Le\u00f3n de Oro est\u00e1n dise\u00f1adas para fijar cualquier porter\u00eda de lacrosse de tama\u00f1o oficial.\" \/>\n<meta name=\"robots\" content=\"index, follow, max-snippet:-1, max-image-preview:large, max-video-preview:-1\" \/>\n<link rel=\"canonical\" href=\"https:\/\/leondeoro.com\/product\/red-porteria-lacrosse\/\" \/>\n<meta property=\"og:locale\" content=\"en_US\" \/>\n<meta property=\"og:type\" content=\"article\" \/>\n<meta property=\"og:title\" content=\"Lacrosse indoor goal net - Le\u00f3n de Oro\" \/>\n<meta property=\"og:description\" content=\"Las redes de Lacrosse Le\u00f3n de Oro est\u00e1n dise\u00f1adas para fijar cualquier porter\u00eda de lacrosse de tama\u00f1o oficial.\" \/>\n<meta property=\"og:url\" content=\"https:\/\/leondeoro.com\/product\/red-porteria-lacrosse\/\" \/>\n<meta property=\"og:site_name\" content=\"Le\u00f3n de Oro\" \/>\n<meta property=\"article:modified_time\" content=\"2022-05-02T15:21:51+00:00\" \/>\n<meta property=\"og:image\" content=\"https:\/\/leondeoro.com\/wp-content\/uploads\/2022\/02\/red-porteria-lacrosse-interior.png\" \/>\n\t<meta property=\"og:image:width\" content=\"970\" \/>\n\t<meta property=\"og:image:height\" content=\"588\" \/>\n\t<meta property=\"og:image:type\" content=\"image\/png\" \/>\n<meta name=\"twitter:card\" content=\"summary_large_image\" \/>\n<meta name=\"twitter:label1\" content=\"Est. reading time\" \/>\n\t<meta name=\"twitter:data1\" content=\"1 minute\" \/>\n<script type=\"application\/ld+json\" class=\"yoast-schema-graph\">{\"@context\":\"https:\\\/\\\/schema.org\",\"@graph\":[{\"@type\":\"WebPage\",\"@id\":\"https:\\\/\\\/leondeoro.com\\\/product\\\/red-porteria-lacrosse\\\/\",\"url\":\"https:\\\/\\\/leondeoro.com\\\/product\\\/red-porteria-lacrosse\\\/\",\"name\":\"Lacrosse indoor goal net - Le\u00f3n de Oro\",\"isPartOf\":{\"@id\":\"https:\\\/\\\/leondeoro.com\\\/#website\"},\"primaryImageOfPage\":{\"@id\":\"https:\\\/\\\/leondeoro.com\\\/product\\\/red-porteria-lacrosse\\\/#primaryimage\"},\"image\":{\"@id\":\"https:\\\/\\\/leondeoro.com\\\/product\\\/red-porteria-lacrosse\\\/#primaryimage\"},\"thumbnailUrl\":\"https:\\\/\\\/leondeoro.com\\\/wp-content\\\/uploads\\\/2022\\\/02\\\/red-porteria-lacrosse-interior.png\",\"datePublished\":\"2022-02-03T22:20:53+00:00\",\"dateModified\":\"2022-05-02T15:21:51+00:00\",\"description\":\"Las redes de Lacrosse Le\u00f3n de Oro est\u00e1n dise\u00f1adas para fijar cualquier porter\u00eda de lacrosse de tama\u00f1o oficial.\",\"breadcrumb\":{\"@id\":\"https:\\\/\\\/leondeoro.com\\\/product\\\/red-porteria-lacrosse\\\/#breadcrumb\"},\"inLanguage\":\"en-US\",\"potentialAction\":[{\"@type\":\"ReadAction\",\"target\":[\"https:\\\/\\\/leondeoro.com\\\/product\\\/red-porteria-lacrosse\\\/\"]}]},{\"@type\":\"ImageObject\",\"inLanguage\":\"en-US\",\"@id\":\"https:\\\/\\\/leondeoro.com\\\/product\\\/red-porteria-lacrosse\\\/#primaryimage\",\"url\":\"https:\\\/\\\/leondeoro.com\\\/wp-content\\\/uploads\\\/2022\\\/02\\\/red-porteria-lacrosse-interior.png\",\"contentUrl\":\"https:\\\/\\\/leondeoro.com\\\/wp-content\\\/uploads\\\/2022\\\/02\\\/red-porteria-lacrosse-interior.png\",\"width\":970,\"height\":588,\"caption\":\"Red porter\u00eda lacrosse interior\"},{\"@type\":\"BreadcrumbList\",\"@id\":\"https:\\\/\\\/leondeoro.com\\\/product\\\/red-porteria-lacrosse\\\/#breadcrumb\",\"itemListElement\":[{\"@type\":\"ListItem\",\"position\":1,\"name\":\"Portada\",\"item\":\"https:\\\/\\\/leondeoro.com\\\/en\\\/\"},{\"@type\":\"ListItem\",\"position\":2,\"name\":\"Shop\",\"item\":\"https:\\\/\\\/leondeoro.com\\\/en\\\/shop-2\\\/\"},{\"@type\":\"ListItem\",\"position\":3,\"name\":\"Lacrosse indoor goal net\"}]},{\"@type\":\"WebSite\",\"@id\":\"https:\\\/\\\/leondeoro.com\\\/#website\",\"url\":\"https:\\\/\\\/leondeoro.com\\\/\",\"name\":\"Le\u00f3n de Oro\",\"description\":\"\",\"potentialAction\":[{\"@type\":\"SearchAction\",\"target\":{\"@type\":\"EntryPoint\",\"urlTemplate\":\"https:\\\/\\\/leondeoro.com\\\/?s={search_term_string}\"},\"query-input\":{\"@type\":\"PropertyValueSpecification\",\"valueRequired\":true,\"valueName\":\"search_term_string\"}}],\"inLanguage\":\"en-US\"}]}<\/script>\n<!-- \/ Yoast SEO plugin. -->","yoast_head_json":{"title":"Lacrosse indoor goal net - Le\u00f3n de Oro","description":"Las redes de Lacrosse Le\u00f3n de Oro est\u00e1n dise\u00f1adas para fijar cualquier porter\u00eda de lacrosse de tama\u00f1o oficial.","robots":{"index":"index","follow":"follow","max-snippet":"max-snippet:-1","max-image-preview":"max-image-preview:large","max-video-preview":"max-video-preview:-1"},"canonical":"https:\/\/leondeoro.com\/product\/red-porteria-lacrosse\/","og_locale":"en_US","og_type":"article","og_title":"Lacrosse indoor goal net - Le\u00f3n de Oro","og_description":"Las redes de Lacrosse Le\u00f3n de Oro est\u00e1n dise\u00f1adas para fijar cualquier porter\u00eda de lacrosse de tama\u00f1o oficial.","og_url":"https:\/\/leondeoro.com\/product\/red-porteria-lacrosse\/","og_site_name":"Le\u00f3n de Oro","article_modified_time":"2022-05-02T15:21:51+00:00","og_image":[{"width":970,"height":588,"url":"https:\/\/leondeoro.com\/wp-content\/uploads\/2022\/02\/red-porteria-lacrosse-interior.png","type":"image\/png"}],"twitter_card":"summary_large_image","twitter_misc":{"Est. reading time":"1 minute"},"schema":{"@context":"https:\/\/schema.org","@graph":[{"@type":"WebPage","@id":"https:\/\/leondeoro.com\/product\/red-porteria-lacrosse\/","url":"https:\/\/leondeoro.com\/product\/red-porteria-lacrosse\/","name":"Lacrosse indoor goal net - Le\u00f3n de Oro","isPartOf":{"@id":"https:\/\/leondeoro.com\/#website"},"primaryImageOfPage":{"@id":"https:\/\/leondeoro.com\/product\/red-porteria-lacrosse\/#primaryimage"},"image":{"@id":"https:\/\/leondeoro.com\/product\/red-porteria-lacrosse\/#primaryimage"},"thumbnailUrl":"https:\/\/leondeoro.com\/wp-content\/uploads\/2022\/02\/red-porteria-lacrosse-interior.png","datePublished":"2022-02-03T22:20:53+00:00","dateModified":"2022-05-02T15:21:51+00:00","description":"Las redes de Lacrosse Le\u00f3n de Oro est\u00e1n dise\u00f1adas para fijar cualquier porter\u00eda de lacrosse de tama\u00f1o oficial.","breadcrumb":{"@id":"https:\/\/leondeoro.com\/product\/red-porteria-lacrosse\/#breadcrumb"},"inLanguage":"en-US","potentialAction":[{"@type":"ReadAction","target":["https:\/\/leondeoro.com\/product\/red-porteria-lacrosse\/"]}]},{"@type":"ImageObject","inLanguage":"en-US","@id":"https:\/\/leondeoro.com\/product\/red-porteria-lacrosse\/#primaryimage","url":"https:\/\/leondeoro.com\/wp-content\/uploads\/2022\/02\/red-porteria-lacrosse-interior.png","contentUrl":"https:\/\/leondeoro.com\/wp-content\/uploads\/2022\/02\/red-porteria-lacrosse-interior.png","width":970,"height":588,"caption":"Red porter\u00eda lacrosse interior"},{"@type":"BreadcrumbList","@id":"https:\/\/leondeoro.com\/product\/red-porteria-lacrosse\/#breadcrumb","itemListElement":[{"@type":"ListItem","position":1,"name":"Portada","item":"https:\/\/leondeoro.com\/en\/"},{"@type":"ListItem","position":2,"name":"Shop","item":"https:\/\/leondeoro.com\/en\/shop-2\/"},{"@type":"ListItem","position":3,"name":"Lacrosse indoor goal net"}]},{"@type":"WebSite","@id":"https:\/\/leondeoro.com\/#website","url":"https:\/\/leondeoro.com\/","name":"Le\u00f3n de Oro","description":"","potentialAction":[{"@type":"SearchAction","target":{"@type":"EntryPoint","urlTemplate":"https:\/\/leondeoro.com\/?s={search_term_string}"},"query-input":{"@type":"PropertyValueSpecification","valueRequired":true,"valueName":"search_term_string"}}],"inLanguage":"en-US"}]}},"_links":{"self":[{"href":"https:\/\/leondeoro.com\/en\/wp-json\/wp\/v2\/product\/3512","targetHints":{"allow":["GET"]}}],"collection":[{"href":"https:\/\/leondeoro.com\/en\/wp-json\/wp\/v2\/product"}],"about":[{"href":"https:\/\/leondeoro.com\/en\/wp-json\/wp\/v2\/types\/product"}],"replies":[{"embeddable":true,"href":"https:\/\/leondeoro.com\/en\/wp-json\/wp\/v2\/comments?post=3512"}],"wp:featuredmedia":[{"embeddable":true,"href":"https:\/\/leondeoro.com\/en\/wp-json\/wp\/v2\/media\/8001"}],"wp:attachment":[{"href":"https:\/\/leondeoro.com\/en\/wp-json\/wp\/v2\/media?parent=3512"}],"wp:term":[{"taxonomy":"product_brand","embeddable":true,"href":"https:\/\/leondeoro.com\/en\/wp-json\/wp\/v2\/product_brand?post=3512"},{"taxonomy":"product_cat","embeddable":true,"href":"https:\/\/leondeoro.com\/en\/wp-json\/wp\/v2\/product_cat?post=3512"},{"taxonomy":"product_tag","embeddable":true,"href":"https:\/\/leondeoro.com\/en\/wp-json\/wp\/v2\/product_tag?post=3512"}],"curies":[{"name":"wp","href":"https:\/\/api.w.org\/{rel}","templated":true}]}}