{"id":3664,"date":"2022-02-17T13:17:52","date_gmt":"2022-02-17T13:17:52","guid":{"rendered":"https:\/\/leondeoro.com\/product\/cortinas-divisorias-plegables-ignifugas\/"},"modified":"2022-05-05T07:44:40","modified_gmt":"2022-05-05T07:44:40","slug":"up-folding-dividing-curtains","status":"publish","type":"product","link":"https:\/\/leondeoro.com\/en\/product\/up-folding-dividing-curtains\/","title":{"rendered":"Up-folding dividing curtains"},"content":{"rendered":"<p style=\"text-align: justify;\">They are intended to divide the spaces of a sports pavilion.<\/p>\n","protected":false},"excerpt":{"rendered":"<p>They are intended to divide the spaces of a sports pavilion.<\/p>\n","protected":false},"featured_media":3170,"comment_status":"closed","ping_status":"closed","template":"","meta":{"_acf_changed":false},"product_brand":[],"product_cat":[50,51,53,52,281,46,278],"product_tag":[],"class_list":{"0":"post-3664","1":"product","2":"type-product","3":"status-publish","4":"has-post-thumbnail","6":"product_cat-badminton","7":"product_cat-basket","8":"product_cat-football","9":"product_cat-handball","10":"product_cat-protection-nets","11":"product_cat-sports-nets","12":"product_cat-volley","14":"first","15":"instock","16":"shipping-taxable","17":"purchasable","18":"product-type-variable"},"acf":[],"yoast_head":"<!-- This site is optimized with the Yoast SEO plugin v27.3 - https:\/\/yoast.com\/product\/yoast-seo-wordpress\/ -->\n<title>Up-folding dividing curtains - Le\u00f3n de Oro<\/title>\n<meta name=\"description\" content=\"Cortina divisoria plegable ign\u00edfuga para dividir espacios de un pabell\u00f3n deportivo con red en parte superior y lona de PVC en parte inferior.\" \/>\n<meta name=\"robots\" content=\"index, follow, max-snippet:-1, max-image-preview:large, max-video-preview:-1\" \/>\n<link rel=\"canonical\" href=\"https:\/\/leondeoro.com\/product\/cortinas-divisorias-plegables-ignifugas\/\" \/>\n<meta property=\"og:locale\" content=\"en_US\" \/>\n<meta property=\"og:type\" content=\"article\" \/>\n<meta property=\"og:title\" content=\"Up-folding dividing curtains - Le\u00f3n de Oro\" \/>\n<meta property=\"og:description\" content=\"Cortina divisoria plegable ign\u00edfuga para dividir espacios de un pabell\u00f3n deportivo con red en parte superior y lona de PVC en parte inferior.\" \/>\n<meta property=\"og:url\" content=\"https:\/\/leondeoro.com\/product\/cortinas-divisorias-plegables-ignifugas\/\" \/>\n<meta property=\"og:site_name\" content=\"Le\u00f3n de Oro\" \/>\n<meta property=\"article:modified_time\" content=\"2022-05-05T07:44:40+00:00\" \/>\n<meta property=\"og:image\" content=\"https:\/\/leondeoro.com\/wp-content\/uploads\/2022\/02\/cortina-divi-2-denoised.png\" \/>\n\t<meta property=\"og:image:width\" content=\"1409\" \/>\n\t<meta property=\"og:image:height\" content=\"765\" \/>\n\t<meta property=\"og:image:type\" content=\"image\/png\" \/>\n<meta name=\"twitter:card\" content=\"summary_large_image\" \/>\n<meta name=\"twitter:label1\" content=\"Est. reading time\" \/>\n\t<meta name=\"twitter:data1\" content=\"1 minute\" \/>\n<script type=\"application\/ld+json\" class=\"yoast-schema-graph\">{\"@context\":\"https:\\\/\\\/schema.org\",\"@graph\":[{\"@type\":\"WebPage\",\"@id\":\"https:\\\/\\\/leondeoro.com\\\/product\\\/cortinas-divisorias-plegables-ignifugas\\\/\",\"url\":\"https:\\\/\\\/leondeoro.com\\\/product\\\/cortinas-divisorias-plegables-ignifugas\\\/\",\"name\":\"Up-folding dividing curtains - Le\u00f3n de Oro\",\"isPartOf\":{\"@id\":\"https:\\\/\\\/leondeoro.com\\\/#website\"},\"primaryImageOfPage\":{\"@id\":\"https:\\\/\\\/leondeoro.com\\\/product\\\/cortinas-divisorias-plegables-ignifugas\\\/#primaryimage\"},\"image\":{\"@id\":\"https:\\\/\\\/leondeoro.com\\\/product\\\/cortinas-divisorias-plegables-ignifugas\\\/#primaryimage\"},\"thumbnailUrl\":\"https:\\\/\\\/leondeoro.com\\\/wp-content\\\/uploads\\\/2022\\\/02\\\/cortina-divi-2-denoised.png\",\"datePublished\":\"2022-02-17T13:17:52+00:00\",\"dateModified\":\"2022-05-05T07:44:40+00:00\",\"description\":\"Cortina divisoria plegable ign\u00edfuga para dividir espacios de un pabell\u00f3n deportivo con red en parte superior y lona de PVC en parte inferior.\",\"breadcrumb\":{\"@id\":\"https:\\\/\\\/leondeoro.com\\\/product\\\/cortinas-divisorias-plegables-ignifugas\\\/#breadcrumb\"},\"inLanguage\":\"en-US\",\"potentialAction\":[{\"@type\":\"ReadAction\",\"target\":[\"https:\\\/\\\/leondeoro.com\\\/product\\\/cortinas-divisorias-plegables-ignifugas\\\/\"]}]},{\"@type\":\"ImageObject\",\"inLanguage\":\"en-US\",\"@id\":\"https:\\\/\\\/leondeoro.com\\\/product\\\/cortinas-divisorias-plegables-ignifugas\\\/#primaryimage\",\"url\":\"https:\\\/\\\/leondeoro.com\\\/wp-content\\\/uploads\\\/2022\\\/02\\\/cortina-divi-2-denoised.png\",\"contentUrl\":\"https:\\\/\\\/leondeoro.com\\\/wp-content\\\/uploads\\\/2022\\\/02\\\/cortina-divi-2-denoised.png\",\"width\":1409,\"height\":765,\"caption\":\"cortina divi 2-denoised\"},{\"@type\":\"BreadcrumbList\",\"@id\":\"https:\\\/\\\/leondeoro.com\\\/product\\\/cortinas-divisorias-plegables-ignifugas\\\/#breadcrumb\",\"itemListElement\":[{\"@type\":\"ListItem\",\"position\":1,\"name\":\"Portada\",\"item\":\"https:\\\/\\\/leondeoro.com\\\/en\\\/\"},{\"@type\":\"ListItem\",\"position\":2,\"name\":\"Shop\",\"item\":\"https:\\\/\\\/leondeoro.com\\\/en\\\/shop-2\\\/\"},{\"@type\":\"ListItem\",\"position\":3,\"name\":\"Up-folding dividing curtains\"}]},{\"@type\":\"WebSite\",\"@id\":\"https:\\\/\\\/leondeoro.com\\\/#website\",\"url\":\"https:\\\/\\\/leondeoro.com\\\/\",\"name\":\"Le\u00f3n de Oro\",\"description\":\"\",\"potentialAction\":[{\"@type\":\"SearchAction\",\"target\":{\"@type\":\"EntryPoint\",\"urlTemplate\":\"https:\\\/\\\/leondeoro.com\\\/?s={search_term_string}\"},\"query-input\":{\"@type\":\"PropertyValueSpecification\",\"valueRequired\":true,\"valueName\":\"search_term_string\"}}],\"inLanguage\":\"en-US\"}]}<\/script>\n<!-- \/ Yoast SEO plugin. -->","yoast_head_json":{"title":"Up-folding dividing curtains - Le\u00f3n de Oro","description":"Cortina divisoria plegable ign\u00edfuga para dividir espacios de un pabell\u00f3n deportivo con red en parte superior y lona de PVC en parte inferior.","robots":{"index":"index","follow":"follow","max-snippet":"max-snippet:-1","max-image-preview":"max-image-preview:large","max-video-preview":"max-video-preview:-1"},"canonical":"https:\/\/leondeoro.com\/product\/cortinas-divisorias-plegables-ignifugas\/","og_locale":"en_US","og_type":"article","og_title":"Up-folding dividing curtains - Le\u00f3n de Oro","og_description":"Cortina divisoria plegable ign\u00edfuga para dividir espacios de un pabell\u00f3n deportivo con red en parte superior y lona de PVC en parte inferior.","og_url":"https:\/\/leondeoro.com\/product\/cortinas-divisorias-plegables-ignifugas\/","og_site_name":"Le\u00f3n de Oro","article_modified_time":"2022-05-05T07:44:40+00:00","og_image":[{"width":1409,"height":765,"url":"https:\/\/leondeoro.com\/wp-content\/uploads\/2022\/02\/cortina-divi-2-denoised.png","type":"image\/png"}],"twitter_card":"summary_large_image","twitter_misc":{"Est. reading time":"1 minute"},"schema":{"@context":"https:\/\/schema.org","@graph":[{"@type":"WebPage","@id":"https:\/\/leondeoro.com\/product\/cortinas-divisorias-plegables-ignifugas\/","url":"https:\/\/leondeoro.com\/product\/cortinas-divisorias-plegables-ignifugas\/","name":"Up-folding dividing curtains - Le\u00f3n de Oro","isPartOf":{"@id":"https:\/\/leondeoro.com\/#website"},"primaryImageOfPage":{"@id":"https:\/\/leondeoro.com\/product\/cortinas-divisorias-plegables-ignifugas\/#primaryimage"},"image":{"@id":"https:\/\/leondeoro.com\/product\/cortinas-divisorias-plegables-ignifugas\/#primaryimage"},"thumbnailUrl":"https:\/\/leondeoro.com\/wp-content\/uploads\/2022\/02\/cortina-divi-2-denoised.png","datePublished":"2022-02-17T13:17:52+00:00","dateModified":"2022-05-05T07:44:40+00:00","description":"Cortina divisoria plegable ign\u00edfuga para dividir espacios de un pabell\u00f3n deportivo con red en parte superior y lona de PVC en parte inferior.","breadcrumb":{"@id":"https:\/\/leondeoro.com\/product\/cortinas-divisorias-plegables-ignifugas\/#breadcrumb"},"inLanguage":"en-US","potentialAction":[{"@type":"ReadAction","target":["https:\/\/leondeoro.com\/product\/cortinas-divisorias-plegables-ignifugas\/"]}]},{"@type":"ImageObject","inLanguage":"en-US","@id":"https:\/\/leondeoro.com\/product\/cortinas-divisorias-plegables-ignifugas\/#primaryimage","url":"https:\/\/leondeoro.com\/wp-content\/uploads\/2022\/02\/cortina-divi-2-denoised.png","contentUrl":"https:\/\/leondeoro.com\/wp-content\/uploads\/2022\/02\/cortina-divi-2-denoised.png","width":1409,"height":765,"caption":"cortina divi 2-denoised"},{"@type":"BreadcrumbList","@id":"https:\/\/leondeoro.com\/product\/cortinas-divisorias-plegables-ignifugas\/#breadcrumb","itemListElement":[{"@type":"ListItem","position":1,"name":"Portada","item":"https:\/\/leondeoro.com\/en\/"},{"@type":"ListItem","position":2,"name":"Shop","item":"https:\/\/leondeoro.com\/en\/shop-2\/"},{"@type":"ListItem","position":3,"name":"Up-folding dividing curtains"}]},{"@type":"WebSite","@id":"https:\/\/leondeoro.com\/#website","url":"https:\/\/leondeoro.com\/","name":"Le\u00f3n de Oro","description":"","potentialAction":[{"@type":"SearchAction","target":{"@type":"EntryPoint","urlTemplate":"https:\/\/leondeoro.com\/?s={search_term_string}"},"query-input":{"@type":"PropertyValueSpecification","valueRequired":true,"valueName":"search_term_string"}}],"inLanguage":"en-US"}]}},"_links":{"self":[{"href":"https:\/\/leondeoro.com\/en\/wp-json\/wp\/v2\/product\/3664","targetHints":{"allow":["GET"]}}],"collection":[{"href":"https:\/\/leondeoro.com\/en\/wp-json\/wp\/v2\/product"}],"about":[{"href":"https:\/\/leondeoro.com\/en\/wp-json\/wp\/v2\/types\/product"}],"replies":[{"embeddable":true,"href":"https:\/\/leondeoro.com\/en\/wp-json\/wp\/v2\/comments?post=3664"}],"wp:featuredmedia":[{"embeddable":true,"href":"https:\/\/leondeoro.com\/en\/wp-json\/wp\/v2\/media\/3170"}],"wp:attachment":[{"href":"https:\/\/leondeoro.com\/en\/wp-json\/wp\/v2\/media?parent=3664"}],"wp:term":[{"taxonomy":"product_brand","embeddable":true,"href":"https:\/\/leondeoro.com\/en\/wp-json\/wp\/v2\/product_brand?post=3664"},{"taxonomy":"product_cat","embeddable":true,"href":"https:\/\/leondeoro.com\/en\/wp-json\/wp\/v2\/product_cat?post=3664"},{"taxonomy":"product_tag","embeddable":true,"href":"https:\/\/leondeoro.com\/en\/wp-json\/wp\/v2\/product_tag?post=3664"}],"curies":[{"name":"wp","href":"https:\/\/api.w.org\/{rel}","templated":true}]}}