{"id":3729,"date":"2022-02-11T13:24:46","date_gmt":"2022-02-11T13:24:46","guid":{"rendered":"https:\/\/leondeoro.com\/product\/redes-para-puentes-y-obras-civiles\/"},"modified":"2022-05-16T06:46:03","modified_gmt":"2022-05-16T06:46:03","slug":"redes-para-puentes-y-obras-civiles","status":"publish","type":"product","link":"https:\/\/leondeoro.com\/en\/product\/redes-para-puentes-y-obras-civiles\/","title":{"rendered":"Nets for bridges and civil works"},"content":{"rendered":"<p style=\"text-align: justify;\">Garantizan la seguridad de los operarios evitando su ca\u00edda y garantizan la seguridad de la circulaci\u00f3n de veh\u00edculos y peatones evitando la ca\u00edda de cascotes u objetos.<\/p>\n","protected":false},"excerpt":{"rendered":"<p>Garantizan la seguridad de los operarios evitando su ca\u00edda y garantizan la seguridad de la circulaci\u00f3n de veh\u00edculos y peatones evitando la ca\u00edda de cascotes u objetos.<\/p>\n","protected":false},"featured_media":2459,"comment_status":"closed","ping_status":"closed","template":"","meta":{"_acf_changed":false},"product_brand":[],"product_cat":[290,48],"product_tag":[],"class_list":{"0":"post-3729","1":"product","2":"type-product","3":"status-publish","4":"has-post-thumbnail","6":"product_cat-object-containment-nets","7":"product_cat-safety-nets","9":"first","10":"instock","11":"shipping-taxable","12":"purchasable","13":"product-type-variable","14":"has-default-attributes"},"acf":[],"yoast_head":"<!-- This site is optimized with the Yoast SEO plugin v27.3 - https:\/\/yoast.com\/product\/yoast-seo-wordpress\/ -->\n<title>Nets for bridges and civil works - Le\u00f3n de Oro<\/title>\n<meta name=\"robots\" content=\"index, follow, max-snippet:-1, max-image-preview:large, max-video-preview:-1\" \/>\n<link rel=\"canonical\" href=\"https:\/\/leondeoro.com\/product\/redes-para-puentes-y-obras-civiles\/\" \/>\n<meta property=\"og:locale\" content=\"en_US\" \/>\n<meta property=\"og:type\" content=\"article\" \/>\n<meta property=\"og:title\" content=\"Nets for bridges and civil works - Le\u00f3n de Oro\" \/>\n<meta property=\"og:description\" content=\"Garantizan la seguridad de los operarios evitando su ca\u00edda y garantizan la seguridad de la circulaci\u00f3n de veh\u00edculos y peatones evitando la ca\u00edda de cascotes u objetos.\" \/>\n<meta property=\"og:url\" content=\"https:\/\/leondeoro.com\/product\/redes-para-puentes-y-obras-civiles\/\" \/>\n<meta property=\"og:site_name\" content=\"Le\u00f3n de Oro\" \/>\n<meta property=\"article:modified_time\" content=\"2022-05-16T06:46:03+00:00\" \/>\n<meta property=\"og:image\" content=\"https:\/\/leondeoro.com\/wp-content\/uploads\/2022\/02\/43-2-scaled.jpg\" \/>\n\t<meta property=\"og:image:width\" content=\"2560\" \/>\n\t<meta property=\"og:image:height\" content=\"1570\" \/>\n\t<meta property=\"og:image:type\" content=\"image\/jpeg\" \/>\n<meta name=\"twitter:card\" content=\"summary_large_image\" \/>\n<meta name=\"twitter:label1\" content=\"Est. reading time\" \/>\n\t<meta name=\"twitter:data1\" content=\"1 minute\" \/>\n<script type=\"application\/ld+json\" class=\"yoast-schema-graph\">{\"@context\":\"https:\\\/\\\/schema.org\",\"@graph\":[{\"@type\":\"WebPage\",\"@id\":\"https:\\\/\\\/leondeoro.com\\\/product\\\/redes-para-puentes-y-obras-civiles\\\/\",\"url\":\"https:\\\/\\\/leondeoro.com\\\/product\\\/redes-para-puentes-y-obras-civiles\\\/\",\"name\":\"Nets for bridges and civil works - Le\u00f3n de Oro\",\"isPartOf\":{\"@id\":\"https:\\\/\\\/leondeoro.com\\\/#website\"},\"primaryImageOfPage\":{\"@id\":\"https:\\\/\\\/leondeoro.com\\\/product\\\/redes-para-puentes-y-obras-civiles\\\/#primaryimage\"},\"image\":{\"@id\":\"https:\\\/\\\/leondeoro.com\\\/product\\\/redes-para-puentes-y-obras-civiles\\\/#primaryimage\"},\"thumbnailUrl\":\"https:\\\/\\\/leondeoro.com\\\/wp-content\\\/uploads\\\/2022\\\/02\\\/43-2-scaled.jpg\",\"datePublished\":\"2022-02-11T13:24:46+00:00\",\"dateModified\":\"2022-05-16T06:46:03+00:00\",\"breadcrumb\":{\"@id\":\"https:\\\/\\\/leondeoro.com\\\/product\\\/redes-para-puentes-y-obras-civiles\\\/#breadcrumb\"},\"inLanguage\":\"en-US\",\"potentialAction\":[{\"@type\":\"ReadAction\",\"target\":[\"https:\\\/\\\/leondeoro.com\\\/product\\\/redes-para-puentes-y-obras-civiles\\\/\"]}]},{\"@type\":\"ImageObject\",\"inLanguage\":\"en-US\",\"@id\":\"https:\\\/\\\/leondeoro.com\\\/product\\\/redes-para-puentes-y-obras-civiles\\\/#primaryimage\",\"url\":\"https:\\\/\\\/leondeoro.com\\\/wp-content\\\/uploads\\\/2022\\\/02\\\/43-2-scaled.jpg\",\"contentUrl\":\"https:\\\/\\\/leondeoro.com\\\/wp-content\\\/uploads\\\/2022\\\/02\\\/43-2-scaled.jpg\",\"width\":2560,\"height\":1570,\"caption\":\"Red EN 1263-1 Sistema u\"},{\"@type\":\"BreadcrumbList\",\"@id\":\"https:\\\/\\\/leondeoro.com\\\/product\\\/redes-para-puentes-y-obras-civiles\\\/#breadcrumb\",\"itemListElement\":[{\"@type\":\"ListItem\",\"position\":1,\"name\":\"Portada\",\"item\":\"https:\\\/\\\/leondeoro.com\\\/en\\\/\"},{\"@type\":\"ListItem\",\"position\":2,\"name\":\"Shop\",\"item\":\"https:\\\/\\\/leondeoro.com\\\/en\\\/shop-2\\\/\"},{\"@type\":\"ListItem\",\"position\":3,\"name\":\"Nets for bridges and civil works\"}]},{\"@type\":\"WebSite\",\"@id\":\"https:\\\/\\\/leondeoro.com\\\/#website\",\"url\":\"https:\\\/\\\/leondeoro.com\\\/\",\"name\":\"Le\u00f3n de Oro\",\"description\":\"\",\"potentialAction\":[{\"@type\":\"SearchAction\",\"target\":{\"@type\":\"EntryPoint\",\"urlTemplate\":\"https:\\\/\\\/leondeoro.com\\\/?s={search_term_string}\"},\"query-input\":{\"@type\":\"PropertyValueSpecification\",\"valueRequired\":true,\"valueName\":\"search_term_string\"}}],\"inLanguage\":\"en-US\"}]}<\/script>\n<!-- \/ Yoast SEO plugin. -->","yoast_head_json":{"title":"Nets for bridges and civil works - Le\u00f3n de Oro","robots":{"index":"index","follow":"follow","max-snippet":"max-snippet:-1","max-image-preview":"max-image-preview:large","max-video-preview":"max-video-preview:-1"},"canonical":"https:\/\/leondeoro.com\/product\/redes-para-puentes-y-obras-civiles\/","og_locale":"en_US","og_type":"article","og_title":"Nets for bridges and civil works - Le\u00f3n de Oro","og_description":"Garantizan la seguridad de los operarios evitando su ca\u00edda y garantizan la seguridad de la circulaci\u00f3n de veh\u00edculos y peatones evitando la ca\u00edda de cascotes u objetos.","og_url":"https:\/\/leondeoro.com\/product\/redes-para-puentes-y-obras-civiles\/","og_site_name":"Le\u00f3n de Oro","article_modified_time":"2022-05-16T06:46:03+00:00","og_image":[{"width":2560,"height":1570,"url":"https:\/\/leondeoro.com\/wp-content\/uploads\/2022\/02\/43-2-scaled.jpg","type":"image\/jpeg"}],"twitter_card":"summary_large_image","twitter_misc":{"Est. reading time":"1 minute"},"schema":{"@context":"https:\/\/schema.org","@graph":[{"@type":"WebPage","@id":"https:\/\/leondeoro.com\/product\/redes-para-puentes-y-obras-civiles\/","url":"https:\/\/leondeoro.com\/product\/redes-para-puentes-y-obras-civiles\/","name":"Nets for bridges and civil works - Le\u00f3n de Oro","isPartOf":{"@id":"https:\/\/leondeoro.com\/#website"},"primaryImageOfPage":{"@id":"https:\/\/leondeoro.com\/product\/redes-para-puentes-y-obras-civiles\/#primaryimage"},"image":{"@id":"https:\/\/leondeoro.com\/product\/redes-para-puentes-y-obras-civiles\/#primaryimage"},"thumbnailUrl":"https:\/\/leondeoro.com\/wp-content\/uploads\/2022\/02\/43-2-scaled.jpg","datePublished":"2022-02-11T13:24:46+00:00","dateModified":"2022-05-16T06:46:03+00:00","breadcrumb":{"@id":"https:\/\/leondeoro.com\/product\/redes-para-puentes-y-obras-civiles\/#breadcrumb"},"inLanguage":"en-US","potentialAction":[{"@type":"ReadAction","target":["https:\/\/leondeoro.com\/product\/redes-para-puentes-y-obras-civiles\/"]}]},{"@type":"ImageObject","inLanguage":"en-US","@id":"https:\/\/leondeoro.com\/product\/redes-para-puentes-y-obras-civiles\/#primaryimage","url":"https:\/\/leondeoro.com\/wp-content\/uploads\/2022\/02\/43-2-scaled.jpg","contentUrl":"https:\/\/leondeoro.com\/wp-content\/uploads\/2022\/02\/43-2-scaled.jpg","width":2560,"height":1570,"caption":"Red EN 1263-1 Sistema u"},{"@type":"BreadcrumbList","@id":"https:\/\/leondeoro.com\/product\/redes-para-puentes-y-obras-civiles\/#breadcrumb","itemListElement":[{"@type":"ListItem","position":1,"name":"Portada","item":"https:\/\/leondeoro.com\/en\/"},{"@type":"ListItem","position":2,"name":"Shop","item":"https:\/\/leondeoro.com\/en\/shop-2\/"},{"@type":"ListItem","position":3,"name":"Nets for bridges and civil works"}]},{"@type":"WebSite","@id":"https:\/\/leondeoro.com\/#website","url":"https:\/\/leondeoro.com\/","name":"Le\u00f3n de Oro","description":"","potentialAction":[{"@type":"SearchAction","target":{"@type":"EntryPoint","urlTemplate":"https:\/\/leondeoro.com\/?s={search_term_string}"},"query-input":{"@type":"PropertyValueSpecification","valueRequired":true,"valueName":"search_term_string"}}],"inLanguage":"en-US"}]}},"_links":{"self":[{"href":"https:\/\/leondeoro.com\/en\/wp-json\/wp\/v2\/product\/3729","targetHints":{"allow":["GET"]}}],"collection":[{"href":"https:\/\/leondeoro.com\/en\/wp-json\/wp\/v2\/product"}],"about":[{"href":"https:\/\/leondeoro.com\/en\/wp-json\/wp\/v2\/types\/product"}],"replies":[{"embeddable":true,"href":"https:\/\/leondeoro.com\/en\/wp-json\/wp\/v2\/comments?post=3729"}],"wp:featuredmedia":[{"embeddable":true,"href":"https:\/\/leondeoro.com\/en\/wp-json\/wp\/v2\/media\/2459"}],"wp:attachment":[{"href":"https:\/\/leondeoro.com\/en\/wp-json\/wp\/v2\/media?parent=3729"}],"wp:term":[{"taxonomy":"product_brand","embeddable":true,"href":"https:\/\/leondeoro.com\/en\/wp-json\/wp\/v2\/product_brand?post=3729"},{"taxonomy":"product_cat","embeddable":true,"href":"https:\/\/leondeoro.com\/en\/wp-json\/wp\/v2\/product_cat?post=3729"},{"taxonomy":"product_tag","embeddable":true,"href":"https:\/\/leondeoro.com\/en\/wp-json\/wp\/v2\/product_tag?post=3729"}],"curies":[{"name":"wp","href":"https:\/\/api.w.org\/{rel}","templated":true}]}}