{"id":3800,"date":"2022-02-17T14:42:03","date_gmt":"2022-02-17T14:42:03","guid":{"rendered":"https:\/\/leondeoro.com\/product\/malla-de-balizamiento-para-obras\/"},"modified":"2022-05-16T06:52:16","modified_gmt":"2022-05-16T06:52:16","slug":"warning-barrier","status":"publish","type":"product","link":"https:\/\/leondeoro.com\/en\/product\/warning-barrier\/","title":{"rendered":"Warning barrier"},"content":{"rendered":"<p style=\"text-align: justify;\">High tenacity polyethylene roll-up mesh for marking and delimiting restricted or dangerous areas on construction sites.<\/p>\n<p>&nbsp;<\/p>\n","protected":false},"excerpt":{"rendered":"<p>High tenacity polyethylene roll-up mesh for marking and delimiting restricted or dangerous areas on construction sites. &nbsp;<\/p>\n","protected":false},"featured_media":7967,"comment_status":"closed","ping_status":"closed","template":"","meta":{"_acf_changed":false},"product_brand":[],"product_cat":[293,48],"product_tag":[],"class_list":{"0":"post-3800","1":"product","2":"type-product","3":"status-publish","4":"has-post-thumbnail","6":"product_cat-protective-mesh-for-works","7":"product_cat-safety-nets","9":"first","10":"instock","11":"shipping-taxable","12":"purchasable","13":"product-type-variable"},"acf":[],"yoast_head":"<!-- This site is optimized with the Yoast SEO plugin v27.3 - https:\/\/yoast.com\/product\/yoast-seo-wordpress\/ -->\n<title>Warning barrier - Le\u00f3n de Oro<\/title>\n<meta name=\"description\" content=\"Malla enrollable para balizar y delimitar zonas restringidas o peligrosas en obras. F\u00e1cil instalaci\u00f3n y alta visibilidad.\" \/>\n<meta name=\"robots\" content=\"index, follow, max-snippet:-1, max-image-preview:large, max-video-preview:-1\" \/>\n<link rel=\"canonical\" href=\"https:\/\/leondeoro.com\/product\/malla-de-balizamiento-para-obras\/\" \/>\n<meta property=\"og:locale\" content=\"en_US\" \/>\n<meta property=\"og:type\" content=\"article\" \/>\n<meta property=\"og:title\" content=\"Warning barrier - Le\u00f3n de Oro\" \/>\n<meta property=\"og:description\" content=\"Malla enrollable para balizar y delimitar zonas restringidas o peligrosas en obras. F\u00e1cil instalaci\u00f3n y alta visibilidad.\" \/>\n<meta property=\"og:url\" content=\"https:\/\/leondeoro.com\/product\/malla-de-balizamiento-para-obras\/\" \/>\n<meta property=\"og:site_name\" content=\"Le\u00f3n de Oro\" \/>\n<meta property=\"article:modified_time\" content=\"2022-05-16T06:52:16+00:00\" \/>\n<meta property=\"og:image\" content=\"https:\/\/leondeoro.com\/wp-content\/uploads\/2022\/02\/malla-senalizacion.jpg\" \/>\n\t<meta property=\"og:image:width\" content=\"610\" \/>\n\t<meta property=\"og:image:height\" content=\"610\" \/>\n\t<meta property=\"og:image:type\" content=\"image\/jpeg\" \/>\n<meta name=\"twitter:card\" content=\"summary_large_image\" \/>\n<meta name=\"twitter:label1\" content=\"Est. reading time\" \/>\n\t<meta name=\"twitter:data1\" content=\"1 minute\" \/>\n<script type=\"application\/ld+json\" class=\"yoast-schema-graph\">{\"@context\":\"https:\\\/\\\/schema.org\",\"@graph\":[{\"@type\":\"WebPage\",\"@id\":\"https:\\\/\\\/leondeoro.com\\\/product\\\/malla-de-balizamiento-para-obras\\\/\",\"url\":\"https:\\\/\\\/leondeoro.com\\\/product\\\/malla-de-balizamiento-para-obras\\\/\",\"name\":\"Warning barrier - Le\u00f3n de Oro\",\"isPartOf\":{\"@id\":\"https:\\\/\\\/leondeoro.com\\\/#website\"},\"primaryImageOfPage\":{\"@id\":\"https:\\\/\\\/leondeoro.com\\\/product\\\/malla-de-balizamiento-para-obras\\\/#primaryimage\"},\"image\":{\"@id\":\"https:\\\/\\\/leondeoro.com\\\/product\\\/malla-de-balizamiento-para-obras\\\/#primaryimage\"},\"thumbnailUrl\":\"https:\\\/\\\/leondeoro.com\\\/wp-content\\\/uploads\\\/2022\\\/02\\\/malla-senalizacion.jpg\",\"datePublished\":\"2022-02-17T14:42:03+00:00\",\"dateModified\":\"2022-05-16T06:52:16+00:00\",\"description\":\"Malla enrollable para balizar y delimitar zonas restringidas o peligrosas en obras. F\u00e1cil instalaci\u00f3n y alta visibilidad.\",\"breadcrumb\":{\"@id\":\"https:\\\/\\\/leondeoro.com\\\/product\\\/malla-de-balizamiento-para-obras\\\/#breadcrumb\"},\"inLanguage\":\"en-US\",\"potentialAction\":[{\"@type\":\"ReadAction\",\"target\":[\"https:\\\/\\\/leondeoro.com\\\/product\\\/malla-de-balizamiento-para-obras\\\/\"]}]},{\"@type\":\"ImageObject\",\"inLanguage\":\"en-US\",\"@id\":\"https:\\\/\\\/leondeoro.com\\\/product\\\/malla-de-balizamiento-para-obras\\\/#primaryimage\",\"url\":\"https:\\\/\\\/leondeoro.com\\\/wp-content\\\/uploads\\\/2022\\\/02\\\/malla-senalizacion.jpg\",\"contentUrl\":\"https:\\\/\\\/leondeoro.com\\\/wp-content\\\/uploads\\\/2022\\\/02\\\/malla-senalizacion.jpg\",\"width\":610,\"height\":610,\"caption\":\"Malla de balizamiento para obras\"},{\"@type\":\"BreadcrumbList\",\"@id\":\"https:\\\/\\\/leondeoro.com\\\/product\\\/malla-de-balizamiento-para-obras\\\/#breadcrumb\",\"itemListElement\":[{\"@type\":\"ListItem\",\"position\":1,\"name\":\"Portada\",\"item\":\"https:\\\/\\\/leondeoro.com\\\/en\\\/\"},{\"@type\":\"ListItem\",\"position\":2,\"name\":\"Shop\",\"item\":\"https:\\\/\\\/leondeoro.com\\\/en\\\/shop-2\\\/\"},{\"@type\":\"ListItem\",\"position\":3,\"name\":\"Warning barrier\"}]},{\"@type\":\"WebSite\",\"@id\":\"https:\\\/\\\/leondeoro.com\\\/#website\",\"url\":\"https:\\\/\\\/leondeoro.com\\\/\",\"name\":\"Le\u00f3n de Oro\",\"description\":\"\",\"potentialAction\":[{\"@type\":\"SearchAction\",\"target\":{\"@type\":\"EntryPoint\",\"urlTemplate\":\"https:\\\/\\\/leondeoro.com\\\/?s={search_term_string}\"},\"query-input\":{\"@type\":\"PropertyValueSpecification\",\"valueRequired\":true,\"valueName\":\"search_term_string\"}}],\"inLanguage\":\"en-US\"}]}<\/script>\n<!-- \/ Yoast SEO plugin. -->","yoast_head_json":{"title":"Warning barrier - Le\u00f3n de Oro","description":"Malla enrollable para balizar y delimitar zonas restringidas o peligrosas en obras. F\u00e1cil instalaci\u00f3n y alta visibilidad.","robots":{"index":"index","follow":"follow","max-snippet":"max-snippet:-1","max-image-preview":"max-image-preview:large","max-video-preview":"max-video-preview:-1"},"canonical":"https:\/\/leondeoro.com\/product\/malla-de-balizamiento-para-obras\/","og_locale":"en_US","og_type":"article","og_title":"Warning barrier - Le\u00f3n de Oro","og_description":"Malla enrollable para balizar y delimitar zonas restringidas o peligrosas en obras. F\u00e1cil instalaci\u00f3n y alta visibilidad.","og_url":"https:\/\/leondeoro.com\/product\/malla-de-balizamiento-para-obras\/","og_site_name":"Le\u00f3n de Oro","article_modified_time":"2022-05-16T06:52:16+00:00","og_image":[{"width":610,"height":610,"url":"https:\/\/leondeoro.com\/wp-content\/uploads\/2022\/02\/malla-senalizacion.jpg","type":"image\/jpeg"}],"twitter_card":"summary_large_image","twitter_misc":{"Est. reading time":"1 minute"},"schema":{"@context":"https:\/\/schema.org","@graph":[{"@type":"WebPage","@id":"https:\/\/leondeoro.com\/product\/malla-de-balizamiento-para-obras\/","url":"https:\/\/leondeoro.com\/product\/malla-de-balizamiento-para-obras\/","name":"Warning barrier - Le\u00f3n de Oro","isPartOf":{"@id":"https:\/\/leondeoro.com\/#website"},"primaryImageOfPage":{"@id":"https:\/\/leondeoro.com\/product\/malla-de-balizamiento-para-obras\/#primaryimage"},"image":{"@id":"https:\/\/leondeoro.com\/product\/malla-de-balizamiento-para-obras\/#primaryimage"},"thumbnailUrl":"https:\/\/leondeoro.com\/wp-content\/uploads\/2022\/02\/malla-senalizacion.jpg","datePublished":"2022-02-17T14:42:03+00:00","dateModified":"2022-05-16T06:52:16+00:00","description":"Malla enrollable para balizar y delimitar zonas restringidas o peligrosas en obras. F\u00e1cil instalaci\u00f3n y alta visibilidad.","breadcrumb":{"@id":"https:\/\/leondeoro.com\/product\/malla-de-balizamiento-para-obras\/#breadcrumb"},"inLanguage":"en-US","potentialAction":[{"@type":"ReadAction","target":["https:\/\/leondeoro.com\/product\/malla-de-balizamiento-para-obras\/"]}]},{"@type":"ImageObject","inLanguage":"en-US","@id":"https:\/\/leondeoro.com\/product\/malla-de-balizamiento-para-obras\/#primaryimage","url":"https:\/\/leondeoro.com\/wp-content\/uploads\/2022\/02\/malla-senalizacion.jpg","contentUrl":"https:\/\/leondeoro.com\/wp-content\/uploads\/2022\/02\/malla-senalizacion.jpg","width":610,"height":610,"caption":"Malla de balizamiento para obras"},{"@type":"BreadcrumbList","@id":"https:\/\/leondeoro.com\/product\/malla-de-balizamiento-para-obras\/#breadcrumb","itemListElement":[{"@type":"ListItem","position":1,"name":"Portada","item":"https:\/\/leondeoro.com\/en\/"},{"@type":"ListItem","position":2,"name":"Shop","item":"https:\/\/leondeoro.com\/en\/shop-2\/"},{"@type":"ListItem","position":3,"name":"Warning barrier"}]},{"@type":"WebSite","@id":"https:\/\/leondeoro.com\/#website","url":"https:\/\/leondeoro.com\/","name":"Le\u00f3n de Oro","description":"","potentialAction":[{"@type":"SearchAction","target":{"@type":"EntryPoint","urlTemplate":"https:\/\/leondeoro.com\/?s={search_term_string}"},"query-input":{"@type":"PropertyValueSpecification","valueRequired":true,"valueName":"search_term_string"}}],"inLanguage":"en-US"}]}},"_links":{"self":[{"href":"https:\/\/leondeoro.com\/en\/wp-json\/wp\/v2\/product\/3800","targetHints":{"allow":["GET"]}}],"collection":[{"href":"https:\/\/leondeoro.com\/en\/wp-json\/wp\/v2\/product"}],"about":[{"href":"https:\/\/leondeoro.com\/en\/wp-json\/wp\/v2\/types\/product"}],"replies":[{"embeddable":true,"href":"https:\/\/leondeoro.com\/en\/wp-json\/wp\/v2\/comments?post=3800"}],"wp:featuredmedia":[{"embeddable":true,"href":"https:\/\/leondeoro.com\/en\/wp-json\/wp\/v2\/media\/7967"}],"wp:attachment":[{"href":"https:\/\/leondeoro.com\/en\/wp-json\/wp\/v2\/media?parent=3800"}],"wp:term":[{"taxonomy":"product_brand","embeddable":true,"href":"https:\/\/leondeoro.com\/en\/wp-json\/wp\/v2\/product_brand?post=3800"},{"taxonomy":"product_cat","embeddable":true,"href":"https:\/\/leondeoro.com\/en\/wp-json\/wp\/v2\/product_cat?post=3800"},{"taxonomy":"product_tag","embeddable":true,"href":"https:\/\/leondeoro.com\/en\/wp-json\/wp\/v2\/product_tag?post=3800"}],"curies":[{"name":"wp","href":"https:\/\/api.w.org\/{rel}","templated":true}]}}