{"id":3944,"date":"2022-03-14T11:37:07","date_gmt":"2022-03-14T11:37:07","guid":{"rendered":"https:\/\/leondeoro.com\/product\/redes-de-proteccion-para-pistas-de-esqui\/"},"modified":"2022-05-02T14:24:17","modified_gmt":"2022-05-02T14:24:17","slug":"ski-slope-protection-nets","status":"publish","type":"product","link":"https:\/\/leondeoro.com\/en\/product\/ski-slope-protection-nets\/","title":{"rendered":"Ski slope protection nets"},"content":{"rendered":"<p>We manufacture custom-made slope, triangle and barrier ski nets.<\/p>\n","protected":false},"excerpt":{"rendered":"<p>We manufacture custom-made slope, triangle and barrier ski nets.<\/p>\n","protected":false},"featured_media":7998,"comment_status":"closed","ping_status":"closed","template":"","meta":{"_acf_changed":false},"product_brand":[],"product_cat":[273,46],"product_tag":[],"class_list":{"0":"post-3944","1":"product","2":"type-product","3":"status-publish","4":"has-post-thumbnail","6":"product_cat-ski","7":"product_cat-sports-nets","9":"first","10":"instock","11":"shipping-taxable","12":"purchasable","13":"product-type-variable","14":"has-default-attributes"},"acf":[],"yoast_head":"<!-- This site is optimized with the Yoast SEO plugin v27.3 - https:\/\/yoast.com\/product\/yoast-seo-wordpress\/ -->\n<title>Ski slope protection nets - Le\u00f3n de Oro<\/title>\n<meta name=\"description\" content=\"Redes de protecci\u00f3n para pistas de esqu\u00ed, caracterizadas por su m\u00e1xima calidad y durabilidad, cumplen todos los requisitos de seguridad.\" \/>\n<meta name=\"robots\" content=\"index, follow, max-snippet:-1, max-image-preview:large, max-video-preview:-1\" \/>\n<link rel=\"canonical\" href=\"https:\/\/leondeoro.com\/product\/redes-de-proteccion-para-pistas-de-esqui\/\" \/>\n<meta property=\"og:locale\" content=\"en_US\" \/>\n<meta property=\"og:type\" content=\"article\" \/>\n<meta property=\"og:title\" content=\"Ski slope protection nets - Le\u00f3n de Oro\" \/>\n<meta property=\"og:description\" content=\"Redes de protecci\u00f3n para pistas de esqu\u00ed, caracterizadas por su m\u00e1xima calidad y durabilidad, cumplen todos los requisitos de seguridad.\" \/>\n<meta property=\"og:url\" content=\"https:\/\/leondeoro.com\/product\/redes-de-proteccion-para-pistas-de-esqui\/\" \/>\n<meta property=\"og:site_name\" content=\"Le\u00f3n de Oro\" \/>\n<meta property=\"article:modified_time\" content=\"2022-05-02T14:24:17+00:00\" \/>\n<meta property=\"og:image\" content=\"https:\/\/leondeoro.com\/wp-content\/uploads\/2022\/03\/redes-de-proteccion-para-pistas-de-esqui.jpg\" \/>\n\t<meta property=\"og:image:width\" content=\"2560\" \/>\n\t<meta property=\"og:image:height\" content=\"1707\" \/>\n\t<meta property=\"og:image:type\" content=\"image\/jpeg\" \/>\n<meta name=\"twitter:card\" content=\"summary_large_image\" \/>\n<meta name=\"twitter:label1\" content=\"Est. reading time\" \/>\n\t<meta name=\"twitter:data1\" content=\"1 minute\" \/>\n<script type=\"application\/ld+json\" class=\"yoast-schema-graph\">{\"@context\":\"https:\\\/\\\/schema.org\",\"@graph\":[{\"@type\":\"WebPage\",\"@id\":\"https:\\\/\\\/leondeoro.com\\\/product\\\/redes-de-proteccion-para-pistas-de-esqui\\\/\",\"url\":\"https:\\\/\\\/leondeoro.com\\\/product\\\/redes-de-proteccion-para-pistas-de-esqui\\\/\",\"name\":\"Ski slope protection nets - Le\u00f3n de Oro\",\"isPartOf\":{\"@id\":\"https:\\\/\\\/leondeoro.com\\\/#website\"},\"primaryImageOfPage\":{\"@id\":\"https:\\\/\\\/leondeoro.com\\\/product\\\/redes-de-proteccion-para-pistas-de-esqui\\\/#primaryimage\"},\"image\":{\"@id\":\"https:\\\/\\\/leondeoro.com\\\/product\\\/redes-de-proteccion-para-pistas-de-esqui\\\/#primaryimage\"},\"thumbnailUrl\":\"https:\\\/\\\/leondeoro.com\\\/wp-content\\\/uploads\\\/2022\\\/03\\\/redes-de-proteccion-para-pistas-de-esqui.jpg\",\"datePublished\":\"2022-03-14T11:37:07+00:00\",\"dateModified\":\"2022-05-02T14:24:17+00:00\",\"description\":\"Redes de protecci\u00f3n para pistas de esqu\u00ed, caracterizadas por su m\u00e1xima calidad y durabilidad, cumplen todos los requisitos de seguridad.\",\"breadcrumb\":{\"@id\":\"https:\\\/\\\/leondeoro.com\\\/product\\\/redes-de-proteccion-para-pistas-de-esqui\\\/#breadcrumb\"},\"inLanguage\":\"en-US\",\"potentialAction\":[{\"@type\":\"ReadAction\",\"target\":[\"https:\\\/\\\/leondeoro.com\\\/product\\\/redes-de-proteccion-para-pistas-de-esqui\\\/\"]}]},{\"@type\":\"ImageObject\",\"inLanguage\":\"en-US\",\"@id\":\"https:\\\/\\\/leondeoro.com\\\/product\\\/redes-de-proteccion-para-pistas-de-esqui\\\/#primaryimage\",\"url\":\"https:\\\/\\\/leondeoro.com\\\/wp-content\\\/uploads\\\/2022\\\/03\\\/redes-de-proteccion-para-pistas-de-esqui.jpg\",\"contentUrl\":\"https:\\\/\\\/leondeoro.com\\\/wp-content\\\/uploads\\\/2022\\\/03\\\/redes-de-proteccion-para-pistas-de-esqui.jpg\",\"width\":2560,\"height\":1707,\"caption\":\"Redes de protecci\u00f3n para pistas de esqu\u00ed\"},{\"@type\":\"BreadcrumbList\",\"@id\":\"https:\\\/\\\/leondeoro.com\\\/product\\\/redes-de-proteccion-para-pistas-de-esqui\\\/#breadcrumb\",\"itemListElement\":[{\"@type\":\"ListItem\",\"position\":1,\"name\":\"Portada\",\"item\":\"https:\\\/\\\/leondeoro.com\\\/en\\\/\"},{\"@type\":\"ListItem\",\"position\":2,\"name\":\"Shop\",\"item\":\"https:\\\/\\\/leondeoro.com\\\/en\\\/shop-2\\\/\"},{\"@type\":\"ListItem\",\"position\":3,\"name\":\"Ski slope protection nets\"}]},{\"@type\":\"WebSite\",\"@id\":\"https:\\\/\\\/leondeoro.com\\\/#website\",\"url\":\"https:\\\/\\\/leondeoro.com\\\/\",\"name\":\"Le\u00f3n de Oro\",\"description\":\"\",\"potentialAction\":[{\"@type\":\"SearchAction\",\"target\":{\"@type\":\"EntryPoint\",\"urlTemplate\":\"https:\\\/\\\/leondeoro.com\\\/?s={search_term_string}\"},\"query-input\":{\"@type\":\"PropertyValueSpecification\",\"valueRequired\":true,\"valueName\":\"search_term_string\"}}],\"inLanguage\":\"en-US\"}]}<\/script>\n<!-- \/ Yoast SEO plugin. -->","yoast_head_json":{"title":"Ski slope protection nets - Le\u00f3n de Oro","description":"Redes de protecci\u00f3n para pistas de esqu\u00ed, caracterizadas por su m\u00e1xima calidad y durabilidad, cumplen todos los requisitos de seguridad.","robots":{"index":"index","follow":"follow","max-snippet":"max-snippet:-1","max-image-preview":"max-image-preview:large","max-video-preview":"max-video-preview:-1"},"canonical":"https:\/\/leondeoro.com\/product\/redes-de-proteccion-para-pistas-de-esqui\/","og_locale":"en_US","og_type":"article","og_title":"Ski slope protection nets - Le\u00f3n de Oro","og_description":"Redes de protecci\u00f3n para pistas de esqu\u00ed, caracterizadas por su m\u00e1xima calidad y durabilidad, cumplen todos los requisitos de seguridad.","og_url":"https:\/\/leondeoro.com\/product\/redes-de-proteccion-para-pistas-de-esqui\/","og_site_name":"Le\u00f3n de Oro","article_modified_time":"2022-05-02T14:24:17+00:00","og_image":[{"width":2560,"height":1707,"url":"https:\/\/leondeoro.com\/wp-content\/uploads\/2022\/03\/redes-de-proteccion-para-pistas-de-esqui.jpg","type":"image\/jpeg"}],"twitter_card":"summary_large_image","twitter_misc":{"Est. reading time":"1 minute"},"schema":{"@context":"https:\/\/schema.org","@graph":[{"@type":"WebPage","@id":"https:\/\/leondeoro.com\/product\/redes-de-proteccion-para-pistas-de-esqui\/","url":"https:\/\/leondeoro.com\/product\/redes-de-proteccion-para-pistas-de-esqui\/","name":"Ski slope protection nets - Le\u00f3n de Oro","isPartOf":{"@id":"https:\/\/leondeoro.com\/#website"},"primaryImageOfPage":{"@id":"https:\/\/leondeoro.com\/product\/redes-de-proteccion-para-pistas-de-esqui\/#primaryimage"},"image":{"@id":"https:\/\/leondeoro.com\/product\/redes-de-proteccion-para-pistas-de-esqui\/#primaryimage"},"thumbnailUrl":"https:\/\/leondeoro.com\/wp-content\/uploads\/2022\/03\/redes-de-proteccion-para-pistas-de-esqui.jpg","datePublished":"2022-03-14T11:37:07+00:00","dateModified":"2022-05-02T14:24:17+00:00","description":"Redes de protecci\u00f3n para pistas de esqu\u00ed, caracterizadas por su m\u00e1xima calidad y durabilidad, cumplen todos los requisitos de seguridad.","breadcrumb":{"@id":"https:\/\/leondeoro.com\/product\/redes-de-proteccion-para-pistas-de-esqui\/#breadcrumb"},"inLanguage":"en-US","potentialAction":[{"@type":"ReadAction","target":["https:\/\/leondeoro.com\/product\/redes-de-proteccion-para-pistas-de-esqui\/"]}]},{"@type":"ImageObject","inLanguage":"en-US","@id":"https:\/\/leondeoro.com\/product\/redes-de-proteccion-para-pistas-de-esqui\/#primaryimage","url":"https:\/\/leondeoro.com\/wp-content\/uploads\/2022\/03\/redes-de-proteccion-para-pistas-de-esqui.jpg","contentUrl":"https:\/\/leondeoro.com\/wp-content\/uploads\/2022\/03\/redes-de-proteccion-para-pistas-de-esqui.jpg","width":2560,"height":1707,"caption":"Redes de protecci\u00f3n para pistas de esqu\u00ed"},{"@type":"BreadcrumbList","@id":"https:\/\/leondeoro.com\/product\/redes-de-proteccion-para-pistas-de-esqui\/#breadcrumb","itemListElement":[{"@type":"ListItem","position":1,"name":"Portada","item":"https:\/\/leondeoro.com\/en\/"},{"@type":"ListItem","position":2,"name":"Shop","item":"https:\/\/leondeoro.com\/en\/shop-2\/"},{"@type":"ListItem","position":3,"name":"Ski slope protection nets"}]},{"@type":"WebSite","@id":"https:\/\/leondeoro.com\/#website","url":"https:\/\/leondeoro.com\/","name":"Le\u00f3n de Oro","description":"","potentialAction":[{"@type":"SearchAction","target":{"@type":"EntryPoint","urlTemplate":"https:\/\/leondeoro.com\/?s={search_term_string}"},"query-input":{"@type":"PropertyValueSpecification","valueRequired":true,"valueName":"search_term_string"}}],"inLanguage":"en-US"}]}},"_links":{"self":[{"href":"https:\/\/leondeoro.com\/en\/wp-json\/wp\/v2\/product\/3944","targetHints":{"allow":["GET"]}}],"collection":[{"href":"https:\/\/leondeoro.com\/en\/wp-json\/wp\/v2\/product"}],"about":[{"href":"https:\/\/leondeoro.com\/en\/wp-json\/wp\/v2\/types\/product"}],"replies":[{"embeddable":true,"href":"https:\/\/leondeoro.com\/en\/wp-json\/wp\/v2\/comments?post=3944"}],"wp:featuredmedia":[{"embeddable":true,"href":"https:\/\/leondeoro.com\/en\/wp-json\/wp\/v2\/media\/7998"}],"wp:attachment":[{"href":"https:\/\/leondeoro.com\/en\/wp-json\/wp\/v2\/media?parent=3944"}],"wp:term":[{"taxonomy":"product_brand","embeddable":true,"href":"https:\/\/leondeoro.com\/en\/wp-json\/wp\/v2\/product_brand?post=3944"},{"taxonomy":"product_cat","embeddable":true,"href":"https:\/\/leondeoro.com\/en\/wp-json\/wp\/v2\/product_cat?post=3944"},{"taxonomy":"product_tag","embeddable":true,"href":"https:\/\/leondeoro.com\/en\/wp-json\/wp\/v2\/product_tag?post=3944"}],"curies":[{"name":"wp","href":"https:\/\/api.w.org\/{rel}","templated":true}]}}